{"id":140,"date":"2022-08-11T11:25:35","date_gmt":"2022-08-11T09:25:35","guid":{"rendered":"https:\/\/www.les-ateliers-soa.fr\/?page_id=140"},"modified":"2025-04-23T11:09:00","modified_gmt":"2025-04-23T09:09:00","slug":"les-ateliers-seminaire-teambuilding","status":"publish","type":"page","link":"https:\/\/www.les-ateliers-soa.fr\/en\/les-ateliers-seminaire-teambuilding\/","title":{"rendered":"Les s\u00e9minaires et team building"},"content":{"rendered":"<p>Une envie de faire des ateliers lors de team building \u00e0 Paris ? Les ateliers SOA vous proposent une activit\u00e9 de cr\u00e9ation de cosm\u00e9tique naturelle \u00e0 faire soi-m\u00eame pr\u00e9sent\u00e9 sous forme d&rsquo;atelier.<\/p>\n<p>Les Ateliers SOA se proposent de vous accueillir dans leur locaux pour 6 \u00e0 10 personnes dans le 20\u00e8me arrondissement de Paris. Si vous \u00eatre plus, nous pouvez nous d\u00e9placer dans Paris et sa banlieue.<\/p>\n<p>Les activit\u00e9s \u00e0 faire son nombreuses: cr\u00e9ation de rouge \u00e0 l\u00e8vres, cr\u00e8me visage, soins capillaire, trio s\u00e9rums anti-imperfections, cr\u00e9ation d&rsquo;une routine anti-\u00e2ge. Mais nous pouvons \u00e9galement personnaliser nos ateliers cosm\u00e9tiques en fonction de vos demandes et de vos envies.<\/p>\n<p>&nbsp;<\/p>","protected":false},"excerpt":{"rendered":"<p>Une envie de faire des ateliers lors de team building \u00e0 Paris ? Les ateliers SOA vous proposent une activit\u00e9 de cr\u00e9ation de cosm\u00e9tique naturelle \u00e0 faire soi-m\u00eame pr\u00e9sent\u00e9 sous forme d&rsquo;atelier. Les Ateliers SOA se proposent de vous accueillir dans leur locaux pour 6 \u00e0 10 personnes dans le 20\u00e8me arrondissement de Paris. Si [&hellip;]<\/p>\n","protected":false},"author":1,"featured_media":737,"parent":0,"menu_order":0,"comment_status":"closed","ping_status":"closed","template":"templates\/privates-events.php","meta":{"_acf_changed":false,"inline_featured_image":false,"footnotes":""},"class_list":["post-140","page","type-page","status-publish","has-post-thumbnail","hentry"],"acf":[],"yoast_head":"<!-- This site is optimized with the Yoast SEO plugin v27.5 - https:\/\/yoast.com\/product\/yoast-seo-wordpress\/ -->\n<title>Nos ateliers team building - LES ATELIERS SOA<\/title>\n<meta name=\"description\" content=\"Une activit\u00e9 teambuilding \u00e0 faire \u00e0 Paris? Pensez \u00e0 nos ateliers pour animer votre \u00e9v\u00e9nement ou celui de vos clients. Nous intervenons\" \/>\n<meta name=\"robots\" content=\"index, follow, max-snippet:-1, max-image-preview:large, max-video-preview:-1\" \/>\n<link rel=\"canonical\" href=\"https:\/\/www.les-ateliers-soa.fr\/en\/les-ateliers-seminaire-teambuilding\/\" \/>\n<meta property=\"og:locale\" content=\"en_GB\" \/>\n<meta property=\"og:type\" content=\"article\" \/>\n<meta property=\"og:title\" content=\"Nos ateliers team building - LES ATELIERS SOA\" \/>\n<meta property=\"og:description\" content=\"Une activit\u00e9 teambuilding \u00e0 faire \u00e0 Paris? Pensez \u00e0 nos ateliers pour animer votre \u00e9v\u00e9nement ou celui de vos clients. Nous intervenons\" \/>\n<meta property=\"og:url\" content=\"https:\/\/www.les-ateliers-soa.fr\/en\/les-ateliers-seminaire-teambuilding\/\" \/>\n<meta property=\"og:site_name\" content=\"LES ATELIERS SOA - Ateliers DIY cosm\u00e9tiques &amp; bien \u00eatre - Paris Ile de France\" \/>\n<meta property=\"article:modified_time\" content=\"2025-04-23T09:09:00+00:00\" \/>\n<meta property=\"og:image\" content=\"https:\/\/www.les-ateliers-soa.fr\/wp-content\/uploads\/2022\/11\/PARIS-75-NATHALIE-RAMANANTSOA-COSMETIQUES_13-scaled.jpg\" \/>\n\t<meta property=\"og:image:width\" content=\"2560\" \/>\n\t<meta property=\"og:image:height\" content=\"1707\" \/>\n\t<meta property=\"og:image:type\" content=\"image\/jpeg\" \/>\n<meta name=\"twitter:card\" content=\"summary_large_image\" \/>\n<meta name=\"twitter:label1\" content=\"Estimated reading time\" \/>\n\t<meta name=\"twitter:data1\" content=\"1 minute\" \/>\n<script type=\"application\/ld+json\" class=\"yoast-schema-graph\">{\"@context\":\"https:\\\/\\\/schema.org\",\"@graph\":[{\"@type\":\"WebPage\",\"@id\":\"https:\\\/\\\/www.les-ateliers-soa.fr\\\/les-ateliers-seminaire-teambuilding\\\/\",\"url\":\"https:\\\/\\\/www.les-ateliers-soa.fr\\\/les-ateliers-seminaire-teambuilding\\\/\",\"name\":\"Nos ateliers team building - LES ATELIERS SOA\",\"isPartOf\":{\"@id\":\"https:\\\/\\\/www.les-ateliers-soa.fr\\\/#website\"},\"primaryImageOfPage\":{\"@id\":\"https:\\\/\\\/www.les-ateliers-soa.fr\\\/les-ateliers-seminaire-teambuilding\\\/#primaryimage\"},\"image\":{\"@id\":\"https:\\\/\\\/www.les-ateliers-soa.fr\\\/les-ateliers-seminaire-teambuilding\\\/#primaryimage\"},\"thumbnailUrl\":\"https:\\\/\\\/www.les-ateliers-soa.fr\\\/wp-content\\\/uploads\\\/2022\\\/11\\\/PARIS-75-NATHALIE-RAMANANTSOA-COSMETIQUES_13-scaled.jpg\",\"datePublished\":\"2022-08-11T09:25:35+00:00\",\"dateModified\":\"2025-04-23T09:09:00+00:00\",\"description\":\"Une activit\u00e9 teambuilding \u00e0 faire \u00e0 Paris? Pensez \u00e0 nos ateliers pour animer votre \u00e9v\u00e9nement ou celui de vos clients. Nous intervenons\",\"breadcrumb\":{\"@id\":\"https:\\\/\\\/www.les-ateliers-soa.fr\\\/les-ateliers-seminaire-teambuilding\\\/#breadcrumb\"},\"inLanguage\":\"en-GB\",\"potentialAction\":[{\"@type\":\"ReadAction\",\"target\":[\"https:\\\/\\\/www.les-ateliers-soa.fr\\\/les-ateliers-seminaire-teambuilding\\\/\"]}]},{\"@type\":\"ImageObject\",\"inLanguage\":\"en-GB\",\"@id\":\"https:\\\/\\\/www.les-ateliers-soa.fr\\\/les-ateliers-seminaire-teambuilding\\\/#primaryimage\",\"url\":\"https:\\\/\\\/www.les-ateliers-soa.fr\\\/wp-content\\\/uploads\\\/2022\\\/11\\\/PARIS-75-NATHALIE-RAMANANTSOA-COSMETIQUES_13-scaled.jpg\",\"contentUrl\":\"https:\\\/\\\/www.les-ateliers-soa.fr\\\/wp-content\\\/uploads\\\/2022\\\/11\\\/PARIS-75-NATHALIE-RAMANANTSOA-COSMETIQUES_13-scaled.jpg\",\"width\":2560,\"height\":1707,\"caption\":\"ateliers entreprise\"},{\"@type\":\"BreadcrumbList\",\"@id\":\"https:\\\/\\\/www.les-ateliers-soa.fr\\\/les-ateliers-seminaire-teambuilding\\\/#breadcrumb\",\"itemListElement\":[{\"@type\":\"ListItem\",\"position\":1,\"name\":\"Accueil\",\"item\":\"https:\\\/\\\/www.les-ateliers-soa.fr\\\/\"},{\"@type\":\"ListItem\",\"position\":2,\"name\":\"Les s\u00e9minaires et team building\"}]},{\"@type\":\"WebSite\",\"@id\":\"https:\\\/\\\/www.les-ateliers-soa.fr\\\/#website\",\"url\":\"https:\\\/\\\/www.les-ateliers-soa.fr\\\/\",\"name\":\"LES ATELIERS SOA - Ateliers DIY cosm\u00e9tiques &amp; bien \u00eatre - Paris Ile de France\",\"description\":\"Ateliers DIY cosm\u00e9tiques &amp; bien \u00eatre - Paris Ile de France\",\"potentialAction\":[{\"@type\":\"SearchAction\",\"target\":{\"@type\":\"EntryPoint\",\"urlTemplate\":\"https:\\\/\\\/www.les-ateliers-soa.fr\\\/?s={search_term_string}\"},\"query-input\":{\"@type\":\"PropertyValueSpecification\",\"valueRequired\":true,\"valueName\":\"search_term_string\"}}],\"inLanguage\":\"en-GB\"}]}<\/script>\n<!-- \/ Yoast SEO plugin. -->","yoast_head_json":{"title":"Nos ateliers team building - LES ATELIERS SOA","description":"Une activit\u00e9 teambuilding \u00e0 faire \u00e0 Paris? Pensez \u00e0 nos ateliers pour animer votre \u00e9v\u00e9nement ou celui de vos clients. Nous intervenons","robots":{"index":"index","follow":"follow","max-snippet":"max-snippet:-1","max-image-preview":"max-image-preview:large","max-video-preview":"max-video-preview:-1"},"canonical":"https:\/\/www.les-ateliers-soa.fr\/en\/les-ateliers-seminaire-teambuilding\/","og_locale":"en_GB","og_type":"article","og_title":"Nos ateliers team building - LES ATELIERS SOA","og_description":"Une activit\u00e9 teambuilding \u00e0 faire \u00e0 Paris? Pensez \u00e0 nos ateliers pour animer votre \u00e9v\u00e9nement ou celui de vos clients. Nous intervenons","og_url":"https:\/\/www.les-ateliers-soa.fr\/en\/les-ateliers-seminaire-teambuilding\/","og_site_name":"LES ATELIERS SOA - Ateliers DIY cosm\u00e9tiques &amp; bien \u00eatre - Paris Ile de France","article_modified_time":"2025-04-23T09:09:00+00:00","og_image":[{"width":2560,"height":1707,"url":"https:\/\/www.les-ateliers-soa.fr\/wp-content\/uploads\/2022\/11\/PARIS-75-NATHALIE-RAMANANTSOA-COSMETIQUES_13-scaled.jpg","type":"image\/jpeg"}],"twitter_card":"summary_large_image","twitter_misc":{"Estimated reading time":"1 minute"},"schema":{"@context":"https:\/\/schema.org","@graph":[{"@type":"WebPage","@id":"https:\/\/www.les-ateliers-soa.fr\/les-ateliers-seminaire-teambuilding\/","url":"https:\/\/www.les-ateliers-soa.fr\/les-ateliers-seminaire-teambuilding\/","name":"Nos ateliers team building - LES ATELIERS SOA","isPartOf":{"@id":"https:\/\/www.les-ateliers-soa.fr\/#website"},"primaryImageOfPage":{"@id":"https:\/\/www.les-ateliers-soa.fr\/les-ateliers-seminaire-teambuilding\/#primaryimage"},"image":{"@id":"https:\/\/www.les-ateliers-soa.fr\/les-ateliers-seminaire-teambuilding\/#primaryimage"},"thumbnailUrl":"https:\/\/www.les-ateliers-soa.fr\/wp-content\/uploads\/2022\/11\/PARIS-75-NATHALIE-RAMANANTSOA-COSMETIQUES_13-scaled.jpg","datePublished":"2022-08-11T09:25:35+00:00","dateModified":"2025-04-23T09:09:00+00:00","description":"Une activit\u00e9 teambuilding \u00e0 faire \u00e0 Paris? Pensez \u00e0 nos ateliers pour animer votre \u00e9v\u00e9nement ou celui de vos clients. Nous intervenons","breadcrumb":{"@id":"https:\/\/www.les-ateliers-soa.fr\/les-ateliers-seminaire-teambuilding\/#breadcrumb"},"inLanguage":"en-GB","potentialAction":[{"@type":"ReadAction","target":["https:\/\/www.les-ateliers-soa.fr\/les-ateliers-seminaire-teambuilding\/"]}]},{"@type":"ImageObject","inLanguage":"en-GB","@id":"https:\/\/www.les-ateliers-soa.fr\/les-ateliers-seminaire-teambuilding\/#primaryimage","url":"https:\/\/www.les-ateliers-soa.fr\/wp-content\/uploads\/2022\/11\/PARIS-75-NATHALIE-RAMANANTSOA-COSMETIQUES_13-scaled.jpg","contentUrl":"https:\/\/www.les-ateliers-soa.fr\/wp-content\/uploads\/2022\/11\/PARIS-75-NATHALIE-RAMANANTSOA-COSMETIQUES_13-scaled.jpg","width":2560,"height":1707,"caption":"ateliers entreprise"},{"@type":"BreadcrumbList","@id":"https:\/\/www.les-ateliers-soa.fr\/les-ateliers-seminaire-teambuilding\/#breadcrumb","itemListElement":[{"@type":"ListItem","position":1,"name":"Accueil","item":"https:\/\/www.les-ateliers-soa.fr\/"},{"@type":"ListItem","position":2,"name":"Les s\u00e9minaires et team building"}]},{"@type":"WebSite","@id":"https:\/\/www.les-ateliers-soa.fr\/#website","url":"https:\/\/www.les-ateliers-soa.fr\/","name":"LES ATELIERS SOA - Ateliers DIY cosm\u00e9tiques &amp; bien \u00eatre - Paris Ile de France","description":"Ateliers DIY cosm\u00e9tiques &amp; bien \u00eatre - Paris Ile de France","potentialAction":[{"@type":"SearchAction","target":{"@type":"EntryPoint","urlTemplate":"https:\/\/www.les-ateliers-soa.fr\/?s={search_term_string}"},"query-input":{"@type":"PropertyValueSpecification","valueRequired":true,"valueName":"search_term_string"}}],"inLanguage":"en-GB"}]}},"_links":{"self":[{"href":"https:\/\/www.les-ateliers-soa.fr\/en\/wp-json\/wp\/v2\/pages\/140","targetHints":{"allow":["GET"]}}],"collection":[{"href":"https:\/\/www.les-ateliers-soa.fr\/en\/wp-json\/wp\/v2\/pages"}],"about":[{"href":"https:\/\/www.les-ateliers-soa.fr\/en\/wp-json\/wp\/v2\/types\/page"}],"author":[{"embeddable":true,"href":"https:\/\/www.les-ateliers-soa.fr\/en\/wp-json\/wp\/v2\/users\/1"}],"replies":[{"embeddable":true,"href":"https:\/\/www.les-ateliers-soa.fr\/en\/wp-json\/wp\/v2\/comments?post=140"}],"version-history":[{"count":3,"href":"https:\/\/www.les-ateliers-soa.fr\/en\/wp-json\/wp\/v2\/pages\/140\/revisions"}],"predecessor-version":[{"id":5634,"href":"https:\/\/www.les-ateliers-soa.fr\/en\/wp-json\/wp\/v2\/pages\/140\/revisions\/5634"}],"wp:featuredmedia":[{"embeddable":true,"href":"https:\/\/www.les-ateliers-soa.fr\/en\/wp-json\/wp\/v2\/media\/737"}],"wp:attachment":[{"href":"https:\/\/www.les-ateliers-soa.fr\/en\/wp-json\/wp\/v2\/media?parent=140"}],"curies":[{"name":"wp","href":"https:\/\/api.w.org\/{rel}","templated":true}]}}