{"id":162,"date":"2022-08-11T13:38:02","date_gmt":"2022-08-11T11:38:02","guid":{"rendered":"https:\/\/www.les-ateliers-soa.fr\/?page_id=162"},"modified":"2024-05-27T12:33:46","modified_gmt":"2024-05-27T10:33:46","slug":"mentions-legales","status":"publish","type":"page","link":"https:\/\/www.les-ateliers-soa.fr\/en\/mentions-legales\/","title":{"rendered":"Terms of use"},"content":{"rendered":"<div class=\"container\">\n<div class=\"page-content\">\n<h2><strong>POAME SARL<\/strong><\/h2>\n<p><u><\/u>Adresse : 10 place moreau david 94120 Fontenay sous bois<br \/>\nEmail : soa.ateliers@gmail.com<\/p>\n<p>Capital : 1000 \u20ac<\/p>\n<p>SIREN : 901942029<\/p>\n<p>RCS Creteil B 901 942 029<\/p>\n<p>TVA : FR41901942029<\/p>\n<h3><u><strong>Responsable de la publication<\/strong><\/u>\u00a0: Nathalie RAMANANTSOA<\/h3>\n<h3><u><strong>H\u00e9bergeur du site :<\/strong><\/u><\/h3>\n<p>The site is hosted in France on OVH servers.<\/p>\n<ul>\n<li>H\u00e9bergeur : OVH<\/li>\n<li>Soci\u00e9t\u00e9 : OVH<\/li>\n<li>Adresse web :\u00a0<a title=\"Acc\u00e9der au site d'ovh\" href=\"http:\/\/www.ovh.com\/\" target=\"_blank\" rel=\"noopener noreferrer\">www.ovh.com<\/a><\/li>\n<li>Adresse Postale : 2 rue kellermann, BP 80157, 59053 ROUBAIX Cedex 1<\/li>\n<li>T\u00e9l\u00e9phone : +33 (0)8 203 203 63<\/li>\n<li>Adresse \u00e9lectronique (E-Mail) :\u00a0<a href=\"mailto:support@ovh.com\">support@ovh.com<\/a><\/li>\n<li>formulaire de communication \u00e0 suivre sur le site de \u00ab\u00a0OVH\u00a0\u00bb<\/li>\n<\/ul>\n<\/div>\n<\/div>\n<p>&nbsp;<\/p>\n<p>The purpose of the present document is to set out the general conditions of use of the services of the Les ateliers Soa website. As the site evolves, we reserve the right to modify these terms and conditions, and therefore ask you to refer to them regularly.<\/p>\n<p>Updated on 11\/10\/2021<\/p>\n<h3><\/h3>\n<h3>INTELLECTUAL PROPERTY<\/h3>\n<p>The website \u201cwww.les-ateliers-soa.fr\u201d (hereinafter referred to as \u201cthe Site\u201d) is the exclusive property of Nathalie RAMANANTSOA.<\/p>\n<p>The content included or accessible on and\/or through the Site, including all text, graphics, logos, names, trademarks, designations, tabs, features, images, sounds, data, photographs, illustrations, graphics, comments, and any other material or software, is the exclusive property of Nathalie RAMANANTSOA, is protected by intellectual property law and is subject to applicable laws and regulations.<\/p>\n<p>Any reproduction, in whole or in part, of the brand and\/or logo, is automatically subject to the authorization of all the holders of the rights to the brand and\/or logo concerned.<\/p>\n<p>Under no circumstances may the logo and\/or name \u201cLes ateliers Soa\u201d (or les-ateliers-soa.fr) be distributed in any way whatsoever without the express written authorization of POAME.<\/p>\n<p>Finally, it is understood that any hypertext link to the\u00a0<a href=\"https:\/\/www.les-ateliers-soa.fr\/en\/\">www.les-ateliers-soa.fr<\/a>\u00a0is strictly forbidden without the express written authorization of POAME.<\/p>\n<p>To contact us on this subject, please write to us at the following address:\u00a0<a href=\"mailto:soa.ateliers@gmail.com\">soa.ateliers@gmail.com<\/a><\/p>\n<h3><\/h3>\n<h3>PERSONAL INFORMATION<\/h3>\n<p>The POAME Company undertakes not to divulge to third parties the information communicated by each user of the Site.<\/p>\n<p>The information communicated by each user of the Site will be used by its internal services exclusively for the following purposes:<\/p>\n<ul>\n<li>for processing the user's request ;<\/li>\n<li>to consolidate and individualize communication, in particular by sending information e-mails to each user of the Site;<\/li>\n<\/ul>\n<p>Users of the Site have the right to access, rectify, modify and delete their personal data at any time.<\/p>\n<p>You can exercise this right by sending us an e-mail to: soa.ateliers@gmail.com<\/p>\n<p>&nbsp;<\/p>\n<p><strong>About DIY homemade cosmetics and cooking recipes<\/strong><\/p>\n<p>We decline all responsibility if you make the cosmetic and cooking recipes shown in the photos and videos on the Ateliers Soa website.<\/p>","protected":false},"excerpt":{"rendered":"<p>POAME SARL Adresse : 10 place moreau david 94120 Fontenay sous bois Email : soa.ateliers@gmail.com Capital : 1000 \u20ac SIREN : 901942029 RCS Creteil B 901 942 029 TVA : FR41901942029 Responsable de la publication\u00a0: Nathalie RAMANANTSOA H\u00e9bergeur du site : Le site est h\u00e9berg\u00e9 en France sur les serveurs de la soci\u00e9t\u00e9\u00a0OVH H\u00e9bergeur : [&hellip;]<\/p>\n","protected":false},"author":1,"featured_media":0,"parent":0,"menu_order":0,"comment_status":"closed","ping_status":"closed","template":"templates\/mentions.php","meta":{"_acf_changed":false,"inline_featured_image":false,"footnotes":""},"class_list":["post-162","page","type-page","status-publish","hentry"],"acf":[],"yoast_head":"<!-- This site is optimized with the Yoast SEO plugin v27.3 - https:\/\/yoast.com\/product\/yoast-seo-wordpress\/ -->\n<title>Mentions l\u00e9gales - LES ATELIERS SOA - Ateliers DIY cosm\u00e9tiques &amp; bien \u00eatre - Paris Ile de France<\/title>\n<meta name=\"description\" content=\"Retrouvez toutes les mentions l\u00e9gales des Ateliers Soa ! Si vous avez plus de questions n&#039;h\u00e9sitez pas \u00e0 nous contacter directement.\" \/>\n<meta name=\"robots\" content=\"index, follow, max-snippet:-1, max-image-preview:large, max-video-preview:-1\" \/>\n<link rel=\"canonical\" href=\"https:\/\/www.les-ateliers-soa.fr\/en\/mentions-legales\/\" \/>\n<meta property=\"og:locale\" content=\"en_GB\" \/>\n<meta property=\"og:type\" content=\"article\" \/>\n<meta property=\"og:title\" content=\"Mentions l\u00e9gales - LES ATELIERS SOA - Ateliers DIY cosm\u00e9tiques &amp; bien \u00eatre - Paris Ile de France\" \/>\n<meta property=\"og:description\" content=\"Retrouvez toutes les mentions l\u00e9gales des Ateliers Soa ! Si vous avez plus de questions n&#039;h\u00e9sitez pas \u00e0 nous contacter directement.\" \/>\n<meta property=\"og:url\" content=\"https:\/\/www.les-ateliers-soa.fr\/en\/mentions-legales\/\" \/>\n<meta property=\"og:site_name\" content=\"LES ATELIERS SOA - Ateliers DIY cosm\u00e9tiques &amp; bien \u00eatre - Paris Ile de France\" \/>\n<meta property=\"article:modified_time\" content=\"2024-05-27T10:33:46+00:00\" \/>\n<meta name=\"twitter:card\" content=\"summary_large_image\" \/>\n<meta name=\"twitter:label1\" content=\"Estimated reading time\" \/>\n\t<meta name=\"twitter:data1\" content=\"3 minutes\" \/>\n<script type=\"application\/ld+json\" class=\"yoast-schema-graph\">{\"@context\":\"https:\\\/\\\/schema.org\",\"@graph\":[{\"@type\":\"WebPage\",\"@id\":\"https:\\\/\\\/www.les-ateliers-soa.fr\\\/mentions-legales\\\/\",\"url\":\"https:\\\/\\\/www.les-ateliers-soa.fr\\\/mentions-legales\\\/\",\"name\":\"Mentions l\u00e9gales - LES ATELIERS SOA - Ateliers DIY cosm\u00e9tiques &amp; bien \u00eatre - Paris Ile de France\",\"isPartOf\":{\"@id\":\"https:\\\/\\\/www.les-ateliers-soa.fr\\\/#website\"},\"datePublished\":\"2022-08-11T11:38:02+00:00\",\"dateModified\":\"2024-05-27T10:33:46+00:00\",\"description\":\"Retrouvez toutes les mentions l\u00e9gales des Ateliers Soa ! Si vous avez plus de questions n'h\u00e9sitez pas \u00e0 nous contacter directement.\",\"breadcrumb\":{\"@id\":\"https:\\\/\\\/www.les-ateliers-soa.fr\\\/mentions-legales\\\/#breadcrumb\"},\"inLanguage\":\"en-GB\",\"potentialAction\":[{\"@type\":\"ReadAction\",\"target\":[\"https:\\\/\\\/www.les-ateliers-soa.fr\\\/mentions-legales\\\/\"]}]},{\"@type\":\"BreadcrumbList\",\"@id\":\"https:\\\/\\\/www.les-ateliers-soa.fr\\\/mentions-legales\\\/#breadcrumb\",\"itemListElement\":[{\"@type\":\"ListItem\",\"position\":1,\"name\":\"Accueil\",\"item\":\"https:\\\/\\\/www.les-ateliers-soa.fr\\\/\"},{\"@type\":\"ListItem\",\"position\":2,\"name\":\"Mentions l\u00e9gales\"}]},{\"@type\":\"WebSite\",\"@id\":\"https:\\\/\\\/www.les-ateliers-soa.fr\\\/#website\",\"url\":\"https:\\\/\\\/www.les-ateliers-soa.fr\\\/\",\"name\":\"LES ATELIERS SOA - Ateliers DIY cosm\u00e9tiques &amp; bien \u00eatre - Paris Ile de France\",\"description\":\"Ateliers DIY cosm\u00e9tiques &amp; bien \u00eatre - Paris Ile de France\",\"potentialAction\":[{\"@type\":\"SearchAction\",\"target\":{\"@type\":\"EntryPoint\",\"urlTemplate\":\"https:\\\/\\\/www.les-ateliers-soa.fr\\\/?s={search_term_string}\"},\"query-input\":{\"@type\":\"PropertyValueSpecification\",\"valueRequired\":true,\"valueName\":\"search_term_string\"}}],\"inLanguage\":\"en-GB\"}]}<\/script>\n<!-- \/ Yoast SEO plugin. -->","yoast_head_json":{"title":"Mentions l\u00e9gales - LES ATELIERS SOA - Ateliers DIY cosm\u00e9tiques &amp; bien \u00eatre - Paris Ile de France","description":"Retrouvez toutes les mentions l\u00e9gales des Ateliers Soa ! Si vous avez plus de questions n'h\u00e9sitez pas \u00e0 nous contacter directement.","robots":{"index":"index","follow":"follow","max-snippet":"max-snippet:-1","max-image-preview":"max-image-preview:large","max-video-preview":"max-video-preview:-1"},"canonical":"https:\/\/www.les-ateliers-soa.fr\/en\/mentions-legales\/","og_locale":"en_GB","og_type":"article","og_title":"Mentions l\u00e9gales - LES ATELIERS SOA - Ateliers DIY cosm\u00e9tiques &amp; bien \u00eatre - Paris Ile de France","og_description":"Retrouvez toutes les mentions l\u00e9gales des Ateliers Soa ! Si vous avez plus de questions n'h\u00e9sitez pas \u00e0 nous contacter directement.","og_url":"https:\/\/www.les-ateliers-soa.fr\/en\/mentions-legales\/","og_site_name":"LES ATELIERS SOA - Ateliers DIY cosm\u00e9tiques &amp; bien \u00eatre - Paris Ile de France","article_modified_time":"2024-05-27T10:33:46+00:00","twitter_card":"summary_large_image","twitter_misc":{"Estimated reading time":"3 minutes"},"schema":{"@context":"https:\/\/schema.org","@graph":[{"@type":"WebPage","@id":"https:\/\/www.les-ateliers-soa.fr\/mentions-legales\/","url":"https:\/\/www.les-ateliers-soa.fr\/mentions-legales\/","name":"Mentions l\u00e9gales - LES ATELIERS SOA - Ateliers DIY cosm\u00e9tiques &amp; bien \u00eatre - Paris Ile de France","isPartOf":{"@id":"https:\/\/www.les-ateliers-soa.fr\/#website"},"datePublished":"2022-08-11T11:38:02+00:00","dateModified":"2024-05-27T10:33:46+00:00","description":"Retrouvez toutes les mentions l\u00e9gales des Ateliers Soa ! Si vous avez plus de questions n'h\u00e9sitez pas \u00e0 nous contacter directement.","breadcrumb":{"@id":"https:\/\/www.les-ateliers-soa.fr\/mentions-legales\/#breadcrumb"},"inLanguage":"en-GB","potentialAction":[{"@type":"ReadAction","target":["https:\/\/www.les-ateliers-soa.fr\/mentions-legales\/"]}]},{"@type":"BreadcrumbList","@id":"https:\/\/www.les-ateliers-soa.fr\/mentions-legales\/#breadcrumb","itemListElement":[{"@type":"ListItem","position":1,"name":"Accueil","item":"https:\/\/www.les-ateliers-soa.fr\/"},{"@type":"ListItem","position":2,"name":"Mentions l\u00e9gales"}]},{"@type":"WebSite","@id":"https:\/\/www.les-ateliers-soa.fr\/#website","url":"https:\/\/www.les-ateliers-soa.fr\/","name":"LES ATELIERS SOA - Ateliers DIY cosm\u00e9tiques &amp; bien \u00eatre - Paris Ile de France","description":"Ateliers DIY cosm\u00e9tiques &amp; bien \u00eatre - Paris Ile de France","potentialAction":[{"@type":"SearchAction","target":{"@type":"EntryPoint","urlTemplate":"https:\/\/www.les-ateliers-soa.fr\/?s={search_term_string}"},"query-input":{"@type":"PropertyValueSpecification","valueRequired":true,"valueName":"search_term_string"}}],"inLanguage":"en-GB"}]}},"_links":{"self":[{"href":"https:\/\/www.les-ateliers-soa.fr\/en\/wp-json\/wp\/v2\/pages\/162","targetHints":{"allow":["GET"]}}],"collection":[{"href":"https:\/\/www.les-ateliers-soa.fr\/en\/wp-json\/wp\/v2\/pages"}],"about":[{"href":"https:\/\/www.les-ateliers-soa.fr\/en\/wp-json\/wp\/v2\/types\/page"}],"author":[{"embeddable":true,"href":"https:\/\/www.les-ateliers-soa.fr\/en\/wp-json\/wp\/v2\/users\/1"}],"replies":[{"embeddable":true,"href":"https:\/\/www.les-ateliers-soa.fr\/en\/wp-json\/wp\/v2\/comments?post=162"}],"version-history":[{"count":3,"href":"https:\/\/www.les-ateliers-soa.fr\/en\/wp-json\/wp\/v2\/pages\/162\/revisions"}],"predecessor-version":[{"id":318,"href":"https:\/\/www.les-ateliers-soa.fr\/en\/wp-json\/wp\/v2\/pages\/162\/revisions\/318"}],"wp:attachment":[{"href":"https:\/\/www.les-ateliers-soa.fr\/en\/wp-json\/wp\/v2\/media?parent=162"}],"curies":[{"name":"wp","href":"https:\/\/api.w.org\/{rel}","templated":true}]}}