{"id":181,"date":"2022-08-11T15:07:57","date_gmt":"2022-08-11T13:07:57","guid":{"rendered":"https:\/\/www.les-ateliers-soa.fr\/?page_id=181"},"modified":"2025-01-17T10:46:29","modified_gmt":"2025-01-17T09:46:29","slug":"blog","status":"publish","type":"page","link":"https:\/\/www.les-ateliers-soa.fr\/en\/blog\/","title":{"rendered":"Blog"},"content":{"rendered":"<p><span style=\"font-weight: 400; font-size: 17px;\"> All the tips about natural cosmetics and our workshop<\/span><\/p>\n<p>&nbsp;<\/p>","protected":false},"excerpt":{"rendered":"<p>All the tips about natural cosmetics and our workshop &nbsp;<\/p>","protected":false},"author":1,"featured_media":131,"parent":0,"menu_order":0,"comment_status":"closed","ping_status":"closed","template":"templates\/blog.php","meta":{"_acf_changed":false,"inline_featured_image":false,"footnotes":""},"class_list":["post-181","page","type-page","status-publish","has-post-thumbnail","hentry"],"acf":[],"yoast_head":"<!-- This site is optimized with the Yoast SEO plugin v27.3 - https:\/\/yoast.com\/product\/yoast-seo-wordpress\/ -->\n<title>Blog - LES ATELIERS SOA - Ateliers DIY cosm\u00e9tiques &amp; bien \u00eatre - Paris Ile de France<\/title>\n<meta name=\"description\" content=\"Tous nos conseils sur la cosm\u00e9tique naturelle et que faire \u00e0 Paris. D\u00e9couvrez notre blog 100% beaut\u00e9 sp\u00e9cial Ateliers Soa !\" \/>\n<meta name=\"robots\" content=\"index, follow, max-snippet:-1, max-image-preview:large, max-video-preview:-1\" \/>\n<link rel=\"canonical\" href=\"https:\/\/www.les-ateliers-soa.fr\/en\/blog\/\" \/>\n<meta property=\"og:locale\" content=\"en_GB\" \/>\n<meta property=\"og:type\" content=\"article\" \/>\n<meta property=\"og:title\" content=\"Blog - LES ATELIERS SOA - Ateliers DIY cosm\u00e9tiques &amp; bien \u00eatre - Paris Ile de France\" \/>\n<meta property=\"og:description\" content=\"Tous nos conseils sur la cosm\u00e9tique naturelle et que faire \u00e0 Paris. D\u00e9couvrez notre blog 100% beaut\u00e9 sp\u00e9cial Ateliers Soa !\" \/>\n<meta property=\"og:url\" content=\"https:\/\/www.les-ateliers-soa.fr\/en\/blog\/\" \/>\n<meta property=\"og:site_name\" content=\"LES ATELIERS SOA - Ateliers DIY cosm\u00e9tiques &amp; bien \u00eatre - Paris Ile de France\" \/>\n<meta property=\"article:modified_time\" content=\"2025-01-17T09:46:29+00:00\" \/>\n<meta property=\"og:image\" content=\"https:\/\/www.les-ateliers-soa.fr\/wp-content\/uploads\/2022\/08\/Rectangle-45.png\" \/>\n\t<meta property=\"og:image:width\" content=\"469\" \/>\n\t<meta property=\"og:image:height\" content=\"507\" \/>\n\t<meta property=\"og:image:type\" content=\"image\/png\" \/>\n<meta name=\"twitter:card\" content=\"summary_large_image\" \/>\n<meta name=\"twitter:label1\" content=\"Estimated reading time\" \/>\n\t<meta name=\"twitter:data1\" content=\"1 minute\" \/>\n<script type=\"application\/ld+json\" class=\"yoast-schema-graph\">{\"@context\":\"https:\\\/\\\/schema.org\",\"@graph\":[{\"@type\":\"WebPage\",\"@id\":\"https:\\\/\\\/www.les-ateliers-soa.fr\\\/blog\\\/\",\"url\":\"https:\\\/\\\/www.les-ateliers-soa.fr\\\/blog\\\/\",\"name\":\"Blog - LES ATELIERS SOA - Ateliers DIY cosm\u00e9tiques &amp; bien \u00eatre - Paris Ile de France\",\"isPartOf\":{\"@id\":\"https:\\\/\\\/www.les-ateliers-soa.fr\\\/#website\"},\"primaryImageOfPage\":{\"@id\":\"https:\\\/\\\/www.les-ateliers-soa.fr\\\/blog\\\/#primaryimage\"},\"image\":{\"@id\":\"https:\\\/\\\/www.les-ateliers-soa.fr\\\/blog\\\/#primaryimage\"},\"thumbnailUrl\":\"https:\\\/\\\/www.les-ateliers-soa.fr\\\/wp-content\\\/uploads\\\/2022\\\/08\\\/Rectangle-45.png\",\"datePublished\":\"2022-08-11T13:07:57+00:00\",\"dateModified\":\"2025-01-17T09:46:29+00:00\",\"description\":\"Tous nos conseils sur la cosm\u00e9tique naturelle et que faire \u00e0 Paris. D\u00e9couvrez notre blog 100% beaut\u00e9 sp\u00e9cial Ateliers Soa !\",\"breadcrumb\":{\"@id\":\"https:\\\/\\\/www.les-ateliers-soa.fr\\\/blog\\\/#breadcrumb\"},\"inLanguage\":\"en-GB\",\"potentialAction\":[{\"@type\":\"ReadAction\",\"target\":[\"https:\\\/\\\/www.les-ateliers-soa.fr\\\/blog\\\/\"]}]},{\"@type\":\"ImageObject\",\"inLanguage\":\"en-GB\",\"@id\":\"https:\\\/\\\/www.les-ateliers-soa.fr\\\/blog\\\/#primaryimage\",\"url\":\"https:\\\/\\\/www.les-ateliers-soa.fr\\\/wp-content\\\/uploads\\\/2022\\\/08\\\/Rectangle-45.png\",\"contentUrl\":\"https:\\\/\\\/www.les-ateliers-soa.fr\\\/wp-content\\\/uploads\\\/2022\\\/08\\\/Rectangle-45.png\",\"width\":469,\"height\":507},{\"@type\":\"BreadcrumbList\",\"@id\":\"https:\\\/\\\/www.les-ateliers-soa.fr\\\/blog\\\/#breadcrumb\",\"itemListElement\":[{\"@type\":\"ListItem\",\"position\":1,\"name\":\"Accueil\",\"item\":\"https:\\\/\\\/www.les-ateliers-soa.fr\\\/\"},{\"@type\":\"ListItem\",\"position\":2,\"name\":\"Blog\"}]},{\"@type\":\"WebSite\",\"@id\":\"https:\\\/\\\/www.les-ateliers-soa.fr\\\/#website\",\"url\":\"https:\\\/\\\/www.les-ateliers-soa.fr\\\/\",\"name\":\"LES ATELIERS SOA - Ateliers DIY cosm\u00e9tiques &amp; bien \u00eatre - Paris Ile de France\",\"description\":\"Ateliers DIY cosm\u00e9tiques &amp; bien \u00eatre - Paris Ile de France\",\"potentialAction\":[{\"@type\":\"SearchAction\",\"target\":{\"@type\":\"EntryPoint\",\"urlTemplate\":\"https:\\\/\\\/www.les-ateliers-soa.fr\\\/?s={search_term_string}\"},\"query-input\":{\"@type\":\"PropertyValueSpecification\",\"valueRequired\":true,\"valueName\":\"search_term_string\"}}],\"inLanguage\":\"en-GB\"}]}<\/script>\n<!-- \/ Yoast SEO plugin. -->","yoast_head_json":{"title":"Blog - LES ATELIERS SOA - Ateliers DIY cosm\u00e9tiques &amp; bien \u00eatre - Paris Ile de France","description":"Tous nos conseils sur la cosm\u00e9tique naturelle et que faire \u00e0 Paris. D\u00e9couvrez notre blog 100% beaut\u00e9 sp\u00e9cial Ateliers Soa !","robots":{"index":"index","follow":"follow","max-snippet":"max-snippet:-1","max-image-preview":"max-image-preview:large","max-video-preview":"max-video-preview:-1"},"canonical":"https:\/\/www.les-ateliers-soa.fr\/en\/blog\/","og_locale":"en_GB","og_type":"article","og_title":"Blog - LES ATELIERS SOA - Ateliers DIY cosm\u00e9tiques &amp; bien \u00eatre - Paris Ile de France","og_description":"Tous nos conseils sur la cosm\u00e9tique naturelle et que faire \u00e0 Paris. D\u00e9couvrez notre blog 100% beaut\u00e9 sp\u00e9cial Ateliers Soa !","og_url":"https:\/\/www.les-ateliers-soa.fr\/en\/blog\/","og_site_name":"LES ATELIERS SOA - Ateliers DIY cosm\u00e9tiques &amp; bien \u00eatre - Paris Ile de France","article_modified_time":"2025-01-17T09:46:29+00:00","og_image":[{"width":469,"height":507,"url":"https:\/\/www.les-ateliers-soa.fr\/wp-content\/uploads\/2022\/08\/Rectangle-45.png","type":"image\/png"}],"twitter_card":"summary_large_image","twitter_misc":{"Estimated reading time":"1 minute"},"schema":{"@context":"https:\/\/schema.org","@graph":[{"@type":"WebPage","@id":"https:\/\/www.les-ateliers-soa.fr\/blog\/","url":"https:\/\/www.les-ateliers-soa.fr\/blog\/","name":"Blog - LES ATELIERS SOA - Ateliers DIY cosm\u00e9tiques &amp; bien \u00eatre - Paris Ile de France","isPartOf":{"@id":"https:\/\/www.les-ateliers-soa.fr\/#website"},"primaryImageOfPage":{"@id":"https:\/\/www.les-ateliers-soa.fr\/blog\/#primaryimage"},"image":{"@id":"https:\/\/www.les-ateliers-soa.fr\/blog\/#primaryimage"},"thumbnailUrl":"https:\/\/www.les-ateliers-soa.fr\/wp-content\/uploads\/2022\/08\/Rectangle-45.png","datePublished":"2022-08-11T13:07:57+00:00","dateModified":"2025-01-17T09:46:29+00:00","description":"Tous nos conseils sur la cosm\u00e9tique naturelle et que faire \u00e0 Paris. D\u00e9couvrez notre blog 100% beaut\u00e9 sp\u00e9cial Ateliers Soa !","breadcrumb":{"@id":"https:\/\/www.les-ateliers-soa.fr\/blog\/#breadcrumb"},"inLanguage":"en-GB","potentialAction":[{"@type":"ReadAction","target":["https:\/\/www.les-ateliers-soa.fr\/blog\/"]}]},{"@type":"ImageObject","inLanguage":"en-GB","@id":"https:\/\/www.les-ateliers-soa.fr\/blog\/#primaryimage","url":"https:\/\/www.les-ateliers-soa.fr\/wp-content\/uploads\/2022\/08\/Rectangle-45.png","contentUrl":"https:\/\/www.les-ateliers-soa.fr\/wp-content\/uploads\/2022\/08\/Rectangle-45.png","width":469,"height":507},{"@type":"BreadcrumbList","@id":"https:\/\/www.les-ateliers-soa.fr\/blog\/#breadcrumb","itemListElement":[{"@type":"ListItem","position":1,"name":"Accueil","item":"https:\/\/www.les-ateliers-soa.fr\/"},{"@type":"ListItem","position":2,"name":"Blog"}]},{"@type":"WebSite","@id":"https:\/\/www.les-ateliers-soa.fr\/#website","url":"https:\/\/www.les-ateliers-soa.fr\/","name":"LES ATELIERS SOA - Ateliers DIY cosm\u00e9tiques &amp; bien \u00eatre - Paris Ile de France","description":"Ateliers DIY cosm\u00e9tiques &amp; bien \u00eatre - Paris Ile de France","potentialAction":[{"@type":"SearchAction","target":{"@type":"EntryPoint","urlTemplate":"https:\/\/www.les-ateliers-soa.fr\/?s={search_term_string}"},"query-input":{"@type":"PropertyValueSpecification","valueRequired":true,"valueName":"search_term_string"}}],"inLanguage":"en-GB"}]}},"_links":{"self":[{"href":"https:\/\/www.les-ateliers-soa.fr\/en\/wp-json\/wp\/v2\/pages\/181","targetHints":{"allow":["GET"]}}],"collection":[{"href":"https:\/\/www.les-ateliers-soa.fr\/en\/wp-json\/wp\/v2\/pages"}],"about":[{"href":"https:\/\/www.les-ateliers-soa.fr\/en\/wp-json\/wp\/v2\/types\/page"}],"author":[{"embeddable":true,"href":"https:\/\/www.les-ateliers-soa.fr\/en\/wp-json\/wp\/v2\/users\/1"}],"replies":[{"embeddable":true,"href":"https:\/\/www.les-ateliers-soa.fr\/en\/wp-json\/wp\/v2\/comments?post=181"}],"version-history":[{"count":3,"href":"https:\/\/www.les-ateliers-soa.fr\/en\/wp-json\/wp\/v2\/pages\/181\/revisions"}],"predecessor-version":[{"id":3514,"href":"https:\/\/www.les-ateliers-soa.fr\/en\/wp-json\/wp\/v2\/pages\/181\/revisions\/3514"}],"wp:featuredmedia":[{"embeddable":true,"href":"https:\/\/www.les-ateliers-soa.fr\/en\/wp-json\/wp\/v2\/media\/131"}],"wp:attachment":[{"href":"https:\/\/www.les-ateliers-soa.fr\/en\/wp-json\/wp\/v2\/media?parent=181"}],"curies":[{"name":"wp","href":"https:\/\/api.w.org\/{rel}","templated":true}]}}