{"id":221,"date":"2022-08-12T15:33:01","date_gmt":"2022-08-12T13:33:01","guid":{"rendered":"https:\/\/www.les-ateliers-soa.fr\/?page_id=221"},"modified":"2024-05-27T11:11:12","modified_gmt":"2024-05-27T09:11:12","slug":"conditions-generales-de-vente","status":"publish","type":"page","link":"https:\/\/www.les-ateliers-soa.fr\/en\/conditions-generales-de-vente\/","title":{"rendered":"Terms and conditions of sale"},"content":{"rendered":"<h2>Article 1: General information<\/h2>\n<p><i>&gt; The present general conditions of sale govern the relations between the store Les Ateliers Soa and the person who carries out a purchase by Internet, called \u201cCustomer\u201d. The Parts agree that the orders placed with Les Ateliers Soa via the various means placed at the disposal of the Customer are governed exclusively by the present general conditions of sale.<\/i><\/p>\n<p><i>&gt; The person responsible for the offer is Les Ateliers Soa, whose contact details are as follows:<\/i><\/p>\n<p>Nathalie RAMANANTSOA, 10 place moreau david 94120 FONTENAY SOUS BOIS<\/p>\n<p><i>SIRET :<\/i><b><i>\u00a0<\/i><\/b>808 412 647 00022<\/p>\n<h2><\/h2>\n<h2>Article 2: Orders and conditions of use<\/h2>\n<p>Les Ateliers Soa offers tickets for its organic cosmetics workshops via its website and\/or through a partner via their boutique or\/and their website.<br \/>\nThe customer must log on to the\u00a0<a href=\"https:\/\/www.les-ateliers-soa.fr\/en\/\">www.les-ateliers-soa.fr<\/a>\u00a0to reserve one or more places in the workshop of your choice. When reserving (or ordering) a workshop, it is the customer's responsibility to check the availability of each workshop by referring to the website's schedule.\u00a0<a href=\"https:\/\/www.les-ateliers-soa.fr\/en\/\">www.les-ateliers-soa.fr<\/a>. Les Ateliers Soa cannot be held responsible for any unavailability on the chosen date, including unavailability due to technical problems. We recommend that you book at least 15 days before the workshop date in order to secure a place.<br \/>\nTo reserve a date, the customer must complete the online form and proceed with payment.<\/p>\n<h2><\/h2>\n<h2>Article 3: Prices and payment terms<\/h2>\n<h3>Article 3.1 Price<\/h3>\n<p>Through its website and partners, Les Ateliers Soa offers a wide range of creative workshops. Customers can find out the prices of each workshop by visiting the website\u00a0<a href=\"https:\/\/www.les-ateliers-soa.fr\/en\/\">www.les-ateliers-soa.fr<\/a><br \/>\nThe prices of the workshops, displayed on the Site, are indicated in Euros and are those in force on the day of the order.<br \/>\nThe workshops are not subject to VAT.<\/p>\n<h3>Article 3.2 Payment terms<\/h3>\n<p>Payment for the order must be made by credit card via the Paypal platform installed on the site. Except for exceptional reasons, workshop reservations will only be confirmed once payment has been received.<\/p>\n<h3>Article 3.3 Payment security<\/h3>\n<p>All payments made via the\u00a0<a href=\"https:\/\/www.les-ateliers-soa.fr\/en\/\">www.les-ateliers-soa.fr<\/a>\u00a0are processed by Paypal's e-transactions payment system to guarantee the highest level of security for your purchases.<br \/>\nNo banking information concerning you transits through the site\u00a0<a href=\"https:\/\/www.les-ateliers-soa.fr\/en\/\">www.les-ateliers-soa.fr<\/a>\u00a0and we do not store any banking information.<\/p>\n<h3>Article 3.4 - Liability<\/h3>\n<p>You certify that you are the holder of the credit card used to make the payment. In the event of refusal to authorize payment by credit card by officially accredited organizations or in the event of non-payment, we reserve the right to suspend the processing of any order and, where applicable, not to take it into account.<\/p>\n<h2><\/h2>\n<h2>Article 4: Order confirmation<\/h2>\n<p>Once payment has been made, you will receive an e-mail confirming your order, with full details.<br \/>\nIf the minimum number of participants is not reached for one of the workshops, Les Ateliers Soa reserves the right to cancel or postpone the workshop. In this case, you will be offered a full refund of the reservation fee as soon as possible.<\/p>\n<h2><\/h2>\n<h2>Article 5 - Availability of places<\/h2>\n<p>Our workshop places are subject to availability. If, despite our vigilance, a workshop presented on the site proves to be unavailable after you have placed your order, we will inform you by e-mail as soon as possible. In accordance with the provisions of article L121.20.3 of the French Consumer Code, we may in this case supply a product of equivalent quality and price. Should we fail to do so, you will be reimbursed as soon as possible.<\/p>\n<h2><\/h2>\n<h2>Article 6 - Right of withdrawal<\/h2>\n<h3>Article 6.1 - Time limit<\/h3>\n<p>Your right of withdrawal is valid up to 14 days before the date of the workshop for which you have reserved one or more places.<\/p>\n<h3>Article 6.2 - Withdrawal procedure<\/h3>\n<p>You must contact us by e-mail (<a href=\"mailto:soa.ateliers@gmail.com\">soa.ateliers@gmail.com<\/a>) or by registered mail with acknowledgement of receipt (Nathalie RAMANANTSOA - 10 place moreau david 94120 ) no later than 15 days before the date of the workshop for which you have reserved one or more places. You are not obliged to give us the reasons for your cancellation, but you must indicate your name, your customer number and the references of the cancelled workshop. Any claim made after this deadline will not be accepted.<\/p>\n<h3>Article 6.3 - Refunds<\/h3>\n<p>Once paid (including deposits), bookings for a registration workshop or a private workshop are non-refundable.<\/p>\n<p>A reservation can only be postponed at the customer's request if this request is made by e-mail and reaches Les Ateliers Soa at least one week before the date of the workshop.<\/p>\n<p>The customer may make a new reservation within a maximum of 3 months from the date of cancellation of the course, provided that the initial validity date of the workshop is greater than or equal to 3 months.<\/p>\n<p>&nbsp;<\/p>\n<p><strong>If the customer does not show up on the day of the workshop, a penalty of 40% of the workshop fee will be applied to the workshop postponement.<\/strong>.<\/p>\n<p>In the event of absence due to illness, the customer must provide a medical certificate. Les Ateliers Soa reserves the right to decide whether or not to postpone the workshop.<\/p>\n<div><\/div>\n<h2><\/h2>\n<h2>Article 7 - Protection of your personal information<\/h2>\n<h3>Article 7.1 - Confidentiality<\/h3>\n<p>Personal information (surname, first name, address, e-mail address, telephone number, etc.) is used by our internal departments to process your orders and invoices and to reinforce and personalize the communication and offers reserved for our customers, in particular via the site's newsletters.\u00a0<a href=\"https:\/\/www.les-ateliers-soa.fr\/en\/\">www.les-ateliers-soa.fr<\/a>\u00a0to which you have subscribed. We will not share your personal information with any third party.<\/p>\n<h3>Article 7.2 - Cookies<\/h3>\n<p>The website\u00a0<a href=\"https:\/\/www.les-ateliers-soa.fr\/en\/\">www.les-ateliers-soa.fr<\/a>\u00a0requires the use of cookies. These cookies are only used for the proper functioning of the customer account, virtual basket and order systems.<\/p>\n<p>&nbsp;<\/p>\n<h2><strong>Responsibilities<\/strong><\/h2>\n<p>When making cosmetics in the workshop, participants are advised to use only natural products. Should a participant be aware of a particular allergic risk linked to a product, an ingredient or a particular plant, he or she must imperatively inform the person in charge of the training course before it begins. Les Ateliers Soa declines all responsibility in the event of an allergic reaction to a product whose contra-indication has not been notified by the participant.<\/p>\n<p>The participant undertakes to comply with the health and safety rules which will be issued at the beginning of each workshop. Les Ateliers Soa cannot be held responsible for damage caused by failure to comply with health and safety rules, or by negligence or misuse.<\/p>\n<p>Some workshops may include the use of essential oils. Essential oils are very powerful concentrates of active ingredients. They should be used with caution. We recommend that you carry out a skin tolerance test on the crease of the elbow 48 hours before using the essential oil or blend of essential oils. As a general rule, essential oils are not recommended for pregnant and breast-feeding women, children under 6, epileptics, asthmatics, people with hormone-dependent cancer or people in a fragile state of health. Should the participant find him\/herself in one or more of the situations described above, he\/she must imperatively inform the person in charge of the training course before it begins.<\/p>\n<p>Le participant devra veiller \u00e0 ses effets personnels lors de sa venue. Les Ateliers Soa ne pourra pas \u00eatre tenu responsable de tout dommage ou perte des objets et effets personnels des participants.<\/p>\n<p>L\u2019entreprise Les Ateliers Soa ne peut \u00eatre tenue pour responsable des dommages de toute nature, mat\u00e9riels ou corporels, qui pourraient r\u00e9sulter de la mauvaise utilisation des produits fabriqu\u00e9s par le participant lui-m\u00eame durant l\u2019atelier.<\/p>","protected":false},"excerpt":{"rendered":"<p>Article 1 : G\u00e9n\u00e9ralit\u00e9s &gt; Les pr\u00e9sentes conditions g\u00e9n\u00e9rales de vente r\u00e9gissent les rapports entre la boutique Les Ateliers Soa et la personne qui effectue un achat par Internet, d\u00e9nomm\u00e9e \u00ab\u00a0Client\u00a0\u00bb. Les Parties conviennent que les commandes pass\u00e9es aupr\u00e8s de Les Ateliers Soa via les diff\u00e9rents moyens mis \u00e0 la disposition du Client sont r\u00e9gies [&hellip;]<\/p>\n","protected":false},"author":1,"featured_media":0,"parent":0,"menu_order":0,"comment_status":"closed","ping_status":"closed","template":"templates\/mentions.php","meta":{"_acf_changed":false,"inline_featured_image":false,"footnotes":""},"class_list":["post-221","page","type-page","status-publish","hentry"],"acf":[],"yoast_head":"<!-- This site is optimized with the Yoast SEO plugin v27.3 - https:\/\/yoast.com\/product\/yoast-seo-wordpress\/ -->\n<title>Conditions g\u00e9n\u00e9rales de vente - LES ATELIERS SOA - Ateliers DIY cosm\u00e9tiques &amp; bien \u00eatre - Paris Ile de France<\/title>\n<meta name=\"description\" content=\"Les pr\u00e9sentes conditions g\u00e9n\u00e9rales de vente r\u00e9gissent les rapports entre la boutique Les Ateliers Soa et la personne qui effectue un achat\" \/>\n<meta name=\"robots\" content=\"index, follow, max-snippet:-1, max-image-preview:large, max-video-preview:-1\" \/>\n<link rel=\"canonical\" href=\"https:\/\/www.les-ateliers-soa.fr\/en\/conditions-generales-de-vente\/\" \/>\n<meta property=\"og:locale\" content=\"en_GB\" \/>\n<meta property=\"og:type\" content=\"article\" \/>\n<meta property=\"og:title\" content=\"Conditions g\u00e9n\u00e9rales de vente - LES ATELIERS SOA - Ateliers DIY cosm\u00e9tiques &amp; bien \u00eatre - Paris Ile de France\" \/>\n<meta property=\"og:description\" content=\"Les pr\u00e9sentes conditions g\u00e9n\u00e9rales de vente r\u00e9gissent les rapports entre la boutique Les Ateliers Soa et la personne qui effectue un achat\" \/>\n<meta property=\"og:url\" content=\"https:\/\/www.les-ateliers-soa.fr\/en\/conditions-generales-de-vente\/\" \/>\n<meta property=\"og:site_name\" content=\"LES ATELIERS SOA - Ateliers DIY cosm\u00e9tiques &amp; bien \u00eatre - Paris Ile de France\" \/>\n<meta property=\"article:modified_time\" content=\"2024-05-27T09:11:12+00:00\" \/>\n<meta name=\"twitter:card\" content=\"summary_large_image\" \/>\n<meta name=\"twitter:label1\" content=\"Estimated reading time\" \/>\n\t<meta name=\"twitter:data1\" content=\"7 minutes\" \/>\n<script type=\"application\/ld+json\" class=\"yoast-schema-graph\">{\"@context\":\"https:\\\/\\\/schema.org\",\"@graph\":[{\"@type\":\"WebPage\",\"@id\":\"https:\\\/\\\/www.les-ateliers-soa.fr\\\/conditions-generales-de-vente\\\/\",\"url\":\"https:\\\/\\\/www.les-ateliers-soa.fr\\\/conditions-generales-de-vente\\\/\",\"name\":\"Conditions g\u00e9n\u00e9rales de vente - LES ATELIERS SOA - Ateliers DIY cosm\u00e9tiques &amp; bien \u00eatre - Paris Ile de France\",\"isPartOf\":{\"@id\":\"https:\\\/\\\/www.les-ateliers-soa.fr\\\/#website\"},\"datePublished\":\"2022-08-12T13:33:01+00:00\",\"dateModified\":\"2024-05-27T09:11:12+00:00\",\"description\":\"Les pr\u00e9sentes conditions g\u00e9n\u00e9rales de vente r\u00e9gissent les rapports entre la boutique Les Ateliers Soa et la personne qui effectue un achat\",\"breadcrumb\":{\"@id\":\"https:\\\/\\\/www.les-ateliers-soa.fr\\\/conditions-generales-de-vente\\\/#breadcrumb\"},\"inLanguage\":\"en-GB\",\"potentialAction\":[{\"@type\":\"ReadAction\",\"target\":[\"https:\\\/\\\/www.les-ateliers-soa.fr\\\/conditions-generales-de-vente\\\/\"]}]},{\"@type\":\"BreadcrumbList\",\"@id\":\"https:\\\/\\\/www.les-ateliers-soa.fr\\\/conditions-generales-de-vente\\\/#breadcrumb\",\"itemListElement\":[{\"@type\":\"ListItem\",\"position\":1,\"name\":\"Accueil\",\"item\":\"https:\\\/\\\/www.les-ateliers-soa.fr\\\/\"},{\"@type\":\"ListItem\",\"position\":2,\"name\":\"Conditions g\u00e9n\u00e9rales de vente\"}]},{\"@type\":\"WebSite\",\"@id\":\"https:\\\/\\\/www.les-ateliers-soa.fr\\\/#website\",\"url\":\"https:\\\/\\\/www.les-ateliers-soa.fr\\\/\",\"name\":\"LES ATELIERS SOA - Ateliers DIY cosm\u00e9tiques &amp; bien \u00eatre - Paris Ile de France\",\"description\":\"Ateliers DIY cosm\u00e9tiques &amp; bien \u00eatre - Paris Ile de France\",\"potentialAction\":[{\"@type\":\"SearchAction\",\"target\":{\"@type\":\"EntryPoint\",\"urlTemplate\":\"https:\\\/\\\/www.les-ateliers-soa.fr\\\/?s={search_term_string}\"},\"query-input\":{\"@type\":\"PropertyValueSpecification\",\"valueRequired\":true,\"valueName\":\"search_term_string\"}}],\"inLanguage\":\"en-GB\"}]}<\/script>\n<!-- \/ Yoast SEO plugin. -->","yoast_head_json":{"title":"Conditions g\u00e9n\u00e9rales de vente - LES ATELIERS SOA - Ateliers DIY cosm\u00e9tiques &amp; bien \u00eatre - Paris Ile de France","description":"Les pr\u00e9sentes conditions g\u00e9n\u00e9rales de vente r\u00e9gissent les rapports entre la boutique Les Ateliers Soa et la personne qui effectue un achat","robots":{"index":"index","follow":"follow","max-snippet":"max-snippet:-1","max-image-preview":"max-image-preview:large","max-video-preview":"max-video-preview:-1"},"canonical":"https:\/\/www.les-ateliers-soa.fr\/en\/conditions-generales-de-vente\/","og_locale":"en_GB","og_type":"article","og_title":"Conditions g\u00e9n\u00e9rales de vente - LES ATELIERS SOA - Ateliers DIY cosm\u00e9tiques &amp; bien \u00eatre - Paris Ile de France","og_description":"Les pr\u00e9sentes conditions g\u00e9n\u00e9rales de vente r\u00e9gissent les rapports entre la boutique Les Ateliers Soa et la personne qui effectue un achat","og_url":"https:\/\/www.les-ateliers-soa.fr\/en\/conditions-generales-de-vente\/","og_site_name":"LES ATELIERS SOA - Ateliers DIY cosm\u00e9tiques &amp; bien \u00eatre - Paris Ile de France","article_modified_time":"2024-05-27T09:11:12+00:00","twitter_card":"summary_large_image","twitter_misc":{"Estimated reading time":"7 minutes"},"schema":{"@context":"https:\/\/schema.org","@graph":[{"@type":"WebPage","@id":"https:\/\/www.les-ateliers-soa.fr\/conditions-generales-de-vente\/","url":"https:\/\/www.les-ateliers-soa.fr\/conditions-generales-de-vente\/","name":"Conditions g\u00e9n\u00e9rales de vente - LES ATELIERS SOA - Ateliers DIY cosm\u00e9tiques &amp; bien \u00eatre - Paris Ile de France","isPartOf":{"@id":"https:\/\/www.les-ateliers-soa.fr\/#website"},"datePublished":"2022-08-12T13:33:01+00:00","dateModified":"2024-05-27T09:11:12+00:00","description":"Les pr\u00e9sentes conditions g\u00e9n\u00e9rales de vente r\u00e9gissent les rapports entre la boutique Les Ateliers Soa et la personne qui effectue un achat","breadcrumb":{"@id":"https:\/\/www.les-ateliers-soa.fr\/conditions-generales-de-vente\/#breadcrumb"},"inLanguage":"en-GB","potentialAction":[{"@type":"ReadAction","target":["https:\/\/www.les-ateliers-soa.fr\/conditions-generales-de-vente\/"]}]},{"@type":"BreadcrumbList","@id":"https:\/\/www.les-ateliers-soa.fr\/conditions-generales-de-vente\/#breadcrumb","itemListElement":[{"@type":"ListItem","position":1,"name":"Accueil","item":"https:\/\/www.les-ateliers-soa.fr\/"},{"@type":"ListItem","position":2,"name":"Conditions g\u00e9n\u00e9rales de vente"}]},{"@type":"WebSite","@id":"https:\/\/www.les-ateliers-soa.fr\/#website","url":"https:\/\/www.les-ateliers-soa.fr\/","name":"LES ATELIERS SOA - Ateliers DIY cosm\u00e9tiques &amp; bien \u00eatre - Paris Ile de France","description":"Ateliers DIY cosm\u00e9tiques &amp; bien \u00eatre - Paris Ile de France","potentialAction":[{"@type":"SearchAction","target":{"@type":"EntryPoint","urlTemplate":"https:\/\/www.les-ateliers-soa.fr\/?s={search_term_string}"},"query-input":{"@type":"PropertyValueSpecification","valueRequired":true,"valueName":"search_term_string"}}],"inLanguage":"en-GB"}]}},"_links":{"self":[{"href":"https:\/\/www.les-ateliers-soa.fr\/en\/wp-json\/wp\/v2\/pages\/221","targetHints":{"allow":["GET"]}}],"collection":[{"href":"https:\/\/www.les-ateliers-soa.fr\/en\/wp-json\/wp\/v2\/pages"}],"about":[{"href":"https:\/\/www.les-ateliers-soa.fr\/en\/wp-json\/wp\/v2\/types\/page"}],"author":[{"embeddable":true,"href":"https:\/\/www.les-ateliers-soa.fr\/en\/wp-json\/wp\/v2\/users\/1"}],"replies":[{"embeddable":true,"href":"https:\/\/www.les-ateliers-soa.fr\/en\/wp-json\/wp\/v2\/comments?post=221"}],"version-history":[{"count":3,"href":"https:\/\/www.les-ateliers-soa.fr\/en\/wp-json\/wp\/v2\/pages\/221\/revisions"}],"predecessor-version":[{"id":592,"href":"https:\/\/www.les-ateliers-soa.fr\/en\/wp-json\/wp\/v2\/pages\/221\/revisions\/592"}],"wp:attachment":[{"href":"https:\/\/www.les-ateliers-soa.fr\/en\/wp-json\/wp\/v2\/media?parent=221"}],"curies":[{"name":"wp","href":"https:\/\/api.w.org\/{rel}","templated":true}]}}