{"id":223,"date":"2022-08-12T15:33:23","date_gmt":"2022-08-12T13:33:23","guid":{"rendered":"https:\/\/www.les-ateliers-soa.fr\/?page_id=223"},"modified":"2024-05-27T11:24:06","modified_gmt":"2024-05-27T09:24:06","slug":"credits","status":"publish","type":"page","link":"https:\/\/www.les-ateliers-soa.fr\/en\/credits\/","title":{"rendered":"Credits"},"content":{"rendered":"<h3>Visual identity, Web design and development :<\/h3>\n<ul>\n<li>Visual identity and<a href=\"https:\/\/www.les-ateliers-soa.fr\/en\/\"> the website<\/a> are carried out by the <a href=\"http:\/\/studiopipelettes.fr\">Studio Pipelettes<\/a>.<\/li>\n<\/ul>\n<h3>Iconography :<\/h3>\n<ul>\n<li>Illustrations and graphics by Laure Marchadier. Photos by Roxanne S\u00e9vigny, Marine Chapon, Lucille Beuzelin and Emeline Hamon.<\/li>\n<\/ul>\n<p>All photos are protected and not free of rights.<\/p>","protected":false},"excerpt":{"rendered":"<p>Identit\u00e9 visuelle, Web design et d\u00e9veloppement : L&rsquo;identit\u00e9 visuelle et le site internet sont r\u00e9alis\u00e9es par le Studio Pipelettes. Iconographie : Les illustrations et le graphisme sont r\u00e9alis\u00e9es par Laure Marchadier. Les photos ont \u00e9t\u00e9 r\u00e9alis\u00e9es par Roxanne S\u00e9vigny, Marine Chapon, Lucille Beuzelin et Emeline Hamon. Toutes photos sont prot\u00e9g\u00e9es et ne sont pas libres [&hellip;]<\/p>\n","protected":false},"author":1,"featured_media":1955,"parent":0,"menu_order":0,"comment_status":"closed","ping_status":"closed","template":"templates\/mentions.php","meta":{"_acf_changed":false,"inline_featured_image":false,"footnotes":""},"class_list":["post-223","page","type-page","status-publish","has-post-thumbnail","hentry"],"acf":[],"yoast_head":"<!-- This site is optimized with the Yoast SEO plugin v27.3 - https:\/\/yoast.com\/product\/yoast-seo-wordpress\/ -->\n<title>Cr\u00e9dits - LES ATELIERS SOA - Ateliers DIY cosm\u00e9tiques &amp; bien \u00eatre - Paris Ile de France<\/title>\n<meta name=\"description\" content=\"Cr\u00e9dits Identit\u00e9 visuelle, Web design et d\u00e9veloppement : L&#039;identit\u00e9 visuelle et le site internet sont r\u00e9alis\u00e9es par le Studio Pipelettes\" \/>\n<meta name=\"robots\" content=\"index, follow, max-snippet:-1, max-image-preview:large, max-video-preview:-1\" \/>\n<link rel=\"canonical\" href=\"https:\/\/www.les-ateliers-soa.fr\/en\/credits\/\" \/>\n<meta property=\"og:locale\" content=\"en_GB\" \/>\n<meta property=\"og:type\" content=\"article\" \/>\n<meta property=\"og:title\" content=\"Cr\u00e9dits - LES ATELIERS SOA - Ateliers DIY cosm\u00e9tiques &amp; bien \u00eatre - Paris Ile de France\" \/>\n<meta property=\"og:description\" content=\"Cr\u00e9dits Identit\u00e9 visuelle, Web design et d\u00e9veloppement : L&#039;identit\u00e9 visuelle et le site internet sont r\u00e9alis\u00e9es par le Studio Pipelettes\" \/>\n<meta property=\"og:url\" content=\"https:\/\/www.les-ateliers-soa.fr\/en\/credits\/\" \/>\n<meta property=\"og:site_name\" content=\"LES ATELIERS SOA - Ateliers DIY cosm\u00e9tiques &amp; bien \u00eatre - Paris Ile de France\" \/>\n<meta property=\"article:modified_time\" content=\"2024-05-27T09:24:06+00:00\" \/>\n<meta property=\"og:image\" content=\"https:\/\/www.les-ateliers-soa.fr\/wp-content\/uploads\/2023\/10\/parfum-scaled-e1698074289577.jpg\" \/>\n\t<meta property=\"og:image:width\" content=\"1706\" \/>\n\t<meta property=\"og:image:height\" content=\"1621\" \/>\n\t<meta property=\"og:image:type\" content=\"image\/jpeg\" \/>\n<meta name=\"twitter:card\" content=\"summary_large_image\" \/>\n<meta name=\"twitter:label1\" content=\"Estimated reading time\" \/>\n\t<meta name=\"twitter:data1\" content=\"1 minute\" \/>\n<script type=\"application\/ld+json\" class=\"yoast-schema-graph\">{\"@context\":\"https:\\\/\\\/schema.org\",\"@graph\":[{\"@type\":\"WebPage\",\"@id\":\"https:\\\/\\\/www.les-ateliers-soa.fr\\\/credits\\\/\",\"url\":\"https:\\\/\\\/www.les-ateliers-soa.fr\\\/credits\\\/\",\"name\":\"Cr\u00e9dits - LES ATELIERS SOA - Ateliers DIY cosm\u00e9tiques &amp; bien \u00eatre - Paris Ile de France\",\"isPartOf\":{\"@id\":\"https:\\\/\\\/www.les-ateliers-soa.fr\\\/#website\"},\"primaryImageOfPage\":{\"@id\":\"https:\\\/\\\/www.les-ateliers-soa.fr\\\/credits\\\/#primaryimage\"},\"image\":{\"@id\":\"https:\\\/\\\/www.les-ateliers-soa.fr\\\/credits\\\/#primaryimage\"},\"thumbnailUrl\":\"https:\\\/\\\/www.les-ateliers-soa.fr\\\/wp-content\\\/uploads\\\/2023\\\/10\\\/parfum-scaled-e1698074289577.jpg\",\"datePublished\":\"2022-08-12T13:33:23+00:00\",\"dateModified\":\"2024-05-27T09:24:06+00:00\",\"description\":\"Cr\u00e9dits Identit\u00e9 visuelle, Web design et d\u00e9veloppement : L'identit\u00e9 visuelle et le site internet sont r\u00e9alis\u00e9es par le Studio Pipelettes\",\"breadcrumb\":{\"@id\":\"https:\\\/\\\/www.les-ateliers-soa.fr\\\/credits\\\/#breadcrumb\"},\"inLanguage\":\"en-GB\",\"potentialAction\":[{\"@type\":\"ReadAction\",\"target\":[\"https:\\\/\\\/www.les-ateliers-soa.fr\\\/credits\\\/\"]}]},{\"@type\":\"ImageObject\",\"inLanguage\":\"en-GB\",\"@id\":\"https:\\\/\\\/www.les-ateliers-soa.fr\\\/credits\\\/#primaryimage\",\"url\":\"https:\\\/\\\/www.les-ateliers-soa.fr\\\/wp-content\\\/uploads\\\/2023\\\/10\\\/parfum-scaled-e1698074289577.jpg\",\"contentUrl\":\"https:\\\/\\\/www.les-ateliers-soa.fr\\\/wp-content\\\/uploads\\\/2023\\\/10\\\/parfum-scaled-e1698074289577.jpg\",\"width\":1706,\"height\":1621,\"caption\":\"cr\u00e9dits\"},{\"@type\":\"BreadcrumbList\",\"@id\":\"https:\\\/\\\/www.les-ateliers-soa.fr\\\/credits\\\/#breadcrumb\",\"itemListElement\":[{\"@type\":\"ListItem\",\"position\":1,\"name\":\"Accueil\",\"item\":\"https:\\\/\\\/www.les-ateliers-soa.fr\\\/\"},{\"@type\":\"ListItem\",\"position\":2,\"name\":\"Cr\u00e9dits\"}]},{\"@type\":\"WebSite\",\"@id\":\"https:\\\/\\\/www.les-ateliers-soa.fr\\\/#website\",\"url\":\"https:\\\/\\\/www.les-ateliers-soa.fr\\\/\",\"name\":\"LES ATELIERS SOA - Ateliers DIY cosm\u00e9tiques &amp; bien \u00eatre - Paris Ile de France\",\"description\":\"Ateliers DIY cosm\u00e9tiques &amp; bien \u00eatre - Paris Ile de France\",\"potentialAction\":[{\"@type\":\"SearchAction\",\"target\":{\"@type\":\"EntryPoint\",\"urlTemplate\":\"https:\\\/\\\/www.les-ateliers-soa.fr\\\/?s={search_term_string}\"},\"query-input\":{\"@type\":\"PropertyValueSpecification\",\"valueRequired\":true,\"valueName\":\"search_term_string\"}}],\"inLanguage\":\"en-GB\"}]}<\/script>\n<!-- \/ Yoast SEO plugin. -->","yoast_head_json":{"title":"Cr\u00e9dits - LES ATELIERS SOA - Ateliers DIY cosm\u00e9tiques &amp; bien \u00eatre - Paris Ile de France","description":"Cr\u00e9dits Identit\u00e9 visuelle, Web design et d\u00e9veloppement : L'identit\u00e9 visuelle et le site internet sont r\u00e9alis\u00e9es par le Studio Pipelettes","robots":{"index":"index","follow":"follow","max-snippet":"max-snippet:-1","max-image-preview":"max-image-preview:large","max-video-preview":"max-video-preview:-1"},"canonical":"https:\/\/www.les-ateliers-soa.fr\/en\/credits\/","og_locale":"en_GB","og_type":"article","og_title":"Cr\u00e9dits - LES ATELIERS SOA - Ateliers DIY cosm\u00e9tiques &amp; bien \u00eatre - Paris Ile de France","og_description":"Cr\u00e9dits Identit\u00e9 visuelle, Web design et d\u00e9veloppement : L'identit\u00e9 visuelle et le site internet sont r\u00e9alis\u00e9es par le Studio Pipelettes","og_url":"https:\/\/www.les-ateliers-soa.fr\/en\/credits\/","og_site_name":"LES ATELIERS SOA - Ateliers DIY cosm\u00e9tiques &amp; bien \u00eatre - Paris Ile de France","article_modified_time":"2024-05-27T09:24:06+00:00","og_image":[{"width":1706,"height":1621,"url":"https:\/\/www.les-ateliers-soa.fr\/wp-content\/uploads\/2023\/10\/parfum-scaled-e1698074289577.jpg","type":"image\/jpeg"}],"twitter_card":"summary_large_image","twitter_misc":{"Estimated reading time":"1 minute"},"schema":{"@context":"https:\/\/schema.org","@graph":[{"@type":"WebPage","@id":"https:\/\/www.les-ateliers-soa.fr\/credits\/","url":"https:\/\/www.les-ateliers-soa.fr\/credits\/","name":"Cr\u00e9dits - LES ATELIERS SOA - Ateliers DIY cosm\u00e9tiques &amp; bien \u00eatre - Paris Ile de France","isPartOf":{"@id":"https:\/\/www.les-ateliers-soa.fr\/#website"},"primaryImageOfPage":{"@id":"https:\/\/www.les-ateliers-soa.fr\/credits\/#primaryimage"},"image":{"@id":"https:\/\/www.les-ateliers-soa.fr\/credits\/#primaryimage"},"thumbnailUrl":"https:\/\/www.les-ateliers-soa.fr\/wp-content\/uploads\/2023\/10\/parfum-scaled-e1698074289577.jpg","datePublished":"2022-08-12T13:33:23+00:00","dateModified":"2024-05-27T09:24:06+00:00","description":"Cr\u00e9dits Identit\u00e9 visuelle, Web design et d\u00e9veloppement : L'identit\u00e9 visuelle et le site internet sont r\u00e9alis\u00e9es par le Studio Pipelettes","breadcrumb":{"@id":"https:\/\/www.les-ateliers-soa.fr\/credits\/#breadcrumb"},"inLanguage":"en-GB","potentialAction":[{"@type":"ReadAction","target":["https:\/\/www.les-ateliers-soa.fr\/credits\/"]}]},{"@type":"ImageObject","inLanguage":"en-GB","@id":"https:\/\/www.les-ateliers-soa.fr\/credits\/#primaryimage","url":"https:\/\/www.les-ateliers-soa.fr\/wp-content\/uploads\/2023\/10\/parfum-scaled-e1698074289577.jpg","contentUrl":"https:\/\/www.les-ateliers-soa.fr\/wp-content\/uploads\/2023\/10\/parfum-scaled-e1698074289577.jpg","width":1706,"height":1621,"caption":"cr\u00e9dits"},{"@type":"BreadcrumbList","@id":"https:\/\/www.les-ateliers-soa.fr\/credits\/#breadcrumb","itemListElement":[{"@type":"ListItem","position":1,"name":"Accueil","item":"https:\/\/www.les-ateliers-soa.fr\/"},{"@type":"ListItem","position":2,"name":"Cr\u00e9dits"}]},{"@type":"WebSite","@id":"https:\/\/www.les-ateliers-soa.fr\/#website","url":"https:\/\/www.les-ateliers-soa.fr\/","name":"LES ATELIERS SOA - Ateliers DIY cosm\u00e9tiques &amp; bien \u00eatre - Paris Ile de France","description":"Ateliers DIY cosm\u00e9tiques &amp; bien \u00eatre - Paris Ile de France","potentialAction":[{"@type":"SearchAction","target":{"@type":"EntryPoint","urlTemplate":"https:\/\/www.les-ateliers-soa.fr\/?s={search_term_string}"},"query-input":{"@type":"PropertyValueSpecification","valueRequired":true,"valueName":"search_term_string"}}],"inLanguage":"en-GB"}]}},"_links":{"self":[{"href":"https:\/\/www.les-ateliers-soa.fr\/en\/wp-json\/wp\/v2\/pages\/223","targetHints":{"allow":["GET"]}}],"collection":[{"href":"https:\/\/www.les-ateliers-soa.fr\/en\/wp-json\/wp\/v2\/pages"}],"about":[{"href":"https:\/\/www.les-ateliers-soa.fr\/en\/wp-json\/wp\/v2\/types\/page"}],"author":[{"embeddable":true,"href":"https:\/\/www.les-ateliers-soa.fr\/en\/wp-json\/wp\/v2\/users\/1"}],"replies":[{"embeddable":true,"href":"https:\/\/www.les-ateliers-soa.fr\/en\/wp-json\/wp\/v2\/comments?post=223"}],"version-history":[{"count":3,"href":"https:\/\/www.les-ateliers-soa.fr\/en\/wp-json\/wp\/v2\/pages\/223\/revisions"}],"predecessor-version":[{"id":2693,"href":"https:\/\/www.les-ateliers-soa.fr\/en\/wp-json\/wp\/v2\/pages\/223\/revisions\/2693"}],"wp:featuredmedia":[{"embeddable":true,"href":"https:\/\/www.les-ateliers-soa.fr\/en\/wp-json\/wp\/v2\/media\/1955"}],"wp:attachment":[{"href":"https:\/\/www.les-ateliers-soa.fr\/en\/wp-json\/wp\/v2\/media?parent=223"}],"curies":[{"name":"wp","href":"https:\/\/api.w.org\/{rel}","templated":true}]}}