{"id":3,"date":"2022-08-02T13:57:36","date_gmt":"2022-08-02T11:57:36","guid":{"rendered":"https:\/\/www.les-ateliers-soa.fr\/?page_id=3"},"modified":"2022-09-08T16:08:43","modified_gmt":"2022-09-08T14:08:43","slug":"politique-de-confidentialite","status":"publish","type":"page","link":"https:\/\/www.les-ateliers-soa.fr\/en\/politique-de-confidentialite\/","title":{"rendered":"Privacy policy"},"content":{"rendered":"<p><strong>RGPD COMPLIANCE DECLARATION FOR THE E-COMMERCE SITE: WWW.LES-ATELIERS-SOA.FR<\/strong><\/p>\r\n<p><strong>Effective May 25, 2018<\/strong><\/p>\r\n<h3 class=\"wp-block-heading\"><strong>1 \u2022 Introduction<\/strong><\/h3>\r\n<p>At Les Ateliers Soa, we want to provide you with the best possible experience so that you can enjoy our e-commerce site today, tomorrow and in the future. We also aim to be as open and transparent as possible with our customers about the use and sharing of the personal data we collect in order to properly process your orders, our after-sales service, your comments on the blog and the various promotions we run via newsletters and social networks.\n\nTranslated with DeepL.com (free version)<\/p>\r\n<h3><strong>2 - Identity &amp; contact details of the data controller<\/strong><\/h3>\r\n<p>Nathalie RAMANANTSOA \u2013<br \/>Contact : soa.ateliers@gmail.com<\/p>\r\n<h3><strong>3 \u2022 Sous-traitants<\/strong><\/h3>\r\n<p>The subcontractors chosen by www.les-ateliers-soa.fr are subject to this new data retention policy in compliance with the European Data Protection Regulation (RGPD).<\/p>\r\n<ul>\r\n<li><strong>Woo-commerce<\/strong>\u00a0:<\/li>\r\n<li style=\"list-style-type: none;\">\r\n<ul>\r\n<li>Data retention (name, first name, e-mail)\u00a0<strong>via the contact form<\/strong>\u00a0e-commerce site.<\/li>\r\n<li>Retention of data (surname, first name, e-mail address, IP address) for\u00a0<strong>blog comments<\/strong>,\u00a0<strong>customer reviews<\/strong>\u00a0on product sheets.<\/li>\r\n<li>Retention of surname, first name, postal address, telephone number &amp; e-mail address for the\u00a0<strong>billling<\/strong>\u00a0and\u00a0<b>reservations\u00a0<\/b>on www.les-ateliers-soa.fr.<\/li>\r\n<\/ul>\r\n<\/li>\r\n<li><strong>Paypal<\/strong>\u00a0Surname, first name, postal address, telephone number and e-mail address for the\u00a0<strong>billling<\/strong>\u00a0and \u00a0<b>reservations\u00a0<\/b>on www.les-ateliers-soa.fr.<\/li>\r\n<li><strong>OVH<\/strong>\u00a0Data storage via\u00a0<strong>Cookies<\/strong>\u00a0&amp;\u00a0<strong>other behavior tracking tools<\/strong>,\u00a0<strong>navigation data, audience measurement...<\/strong><\/li>\r\n<li><strong>Google Analytics<\/strong><\/li>\r\n<li><strong>Social networks: Facebook &amp; Instagram<\/strong><\/li>\r\n<\/ul>\r\n<h3><strong>4 - Purpose &amp; legal basis<\/strong><\/h3>\r\n<p><strong>A - Why do we collect your data?<\/strong><\/p>\r\n<p>All personal data collected by us is treated with the strictest confidentiality. When you make a purchase, we only ask for information that is essential to ensure the quality of our services and the processing of your order. We do not sell, market or rent this information to third parties. Exceptionally, however, we may decide to communicate certain information for the direct and related needs of executing the sales contracts we have concluded with you.<\/p>\r\n<ul>\r\n<li>Management of service, customers and prospects.<\/li>\r\n<li>Promotional or loyalty campaigns.<\/li>\r\n<li>Sales statistics<\/li>\r\n<li>Management of unpaid invoices, management of people's opinions on products, services or content.<\/li>\r\n<li>Management of access and rectification rights<\/li>\r\n<\/ul>\r\n<p><strong>B \u2013 Donn\u00e9es non g\u00e9r\u00e9es :<\/strong><\/p>\r\n<ul>\r\n<li>date of birth, religious, ethnic, political, philosophical affiliation...<\/li>\r\n<\/ul>\r\n<p><strong>C - How do we collect your data?<\/strong><\/p>\r\n<p>Your data are collected\u00a0<strong>fairly<\/strong>,<strong>\u00a0transparently<\/strong>\u00a0and\u00a0<strong>explicitly<\/strong>. You will not find any pre-checked box, pre-filled form or obligation to check a box. Data is not stored by any other means. You will be informed of each data collection by warning messages before validating \/ registering.<\/p>\r\n<h3><strong>4 - Recipients<\/strong><\/h3>\r\n<p>Only the internal data processing department of les-ateliers-soa.fr owns and stores your data, as well as its subcontractors mentioned in paragraph 3.<\/p>\r\n<h3><strong>5 - Data retention and deletion<\/strong><\/h3>\r\n<p>Data is kept for a maximum of 3 years from the date of collection, the end of the commercial relationship or the last contact with a prospect.<br \/>We undertake to delete our data that is more than 3 years old or for which consent has not been confirmed in the event of non-compliant practice before May 25, 2018.<\/p>\r\n<h3><strong>6 - Right of access and rectification<\/strong><\/h3>\r\n<p>The customer may request any consultation, modification or withdrawal, partial or total, of his data without justification, free of charge, by simple request by e-mail to the founder of Ateliers Soa (within a maximum period of one month).<br \/>Contact : soa.ateliers@gmail.com<br \/>Object :\u00a0<strong>RIGHT OF ACCESS AND RECTIFICATION OF MY DATA.\u00a0<\/strong><\/p>\r\n<h3><strong>7 - Data security<\/strong><\/h3>\r\n<p>The data collected via les-ateliers-soa.fr is secure!<br \/>We use a https:\/\/ protocol for our sales channels (SSL Certificate).<br \/>Bank transactions are secure and we do not store bank details.<br \/>Data is archived personally and automatically (monthly backup on personal computer (password-protected &amp; anti-virus).<\/p>\r\n<h3><strong>8 - Notification of the use of cookies<\/strong><\/h3>\r\n<p>Use of cookies requires user consent. Cookies are notified by a banner at the bottom of the site page: La boutique lauremjoy uses cookies to guarantee you the best experience on our site. If you continue to use laboutique-lauremjoy.com, we will consider that you accept the use of cookies.<\/p>\r\n<ul>\r\n<li>advertising cookies<\/li>\r\n<li>audience measurement cookies<\/li>\r\n<li>social network\u201d cookies generated by sharing buttons<\/li>\r\n<\/ul>\r\n<p>Consent must be obtained prior to activating cookies. Implicit acceptance if browsing continues (no collection until new page).<\/p>\r\n<h3><strong>9 - Transfers outside the EU<\/strong><\/h3>\r\n<p>https:\/\/www.ovh.com\/fr\/apropos\/datacentres.xml<\/p>","protected":false},"excerpt":{"rendered":"<p>DECLARATION DE CONFORMITE AU RGPD DU SITE E-COMMERCE : WWW.LES-ATELIERS-SOA.FR En vigueur \u00e0 compter du 25 mai 2018 1 \u2022 Introduction Sur le site Les Ateliers Soa, nous souhaitons vous offrir la meilleure exp\u00e9rience possible pour que vous puissiez profiter de notre site e-commerce aujourd\u2019hui, demain et dans le futur. Nous avons \u00e9galement pour objectif [&hellip;]<\/p>\n","protected":false},"author":1,"featured_media":0,"parent":0,"menu_order":0,"comment_status":"closed","ping_status":"open","template":"","meta":{"_acf_changed":false,"inline_featured_image":false,"footnotes":""},"class_list":["post-3","page","type-page","status-publish","hentry"],"acf":[],"yoast_head":"<!-- This site is optimized with the Yoast SEO plugin v27.5 - https:\/\/yoast.com\/product\/yoast-seo-wordpress\/ -->\n<title>Politique de confidentialit\u00e9 - LES ATELIERS SOA - Ateliers DIY cosm\u00e9tiques &amp; bien \u00eatre - Paris Ile de France<\/title>\n<meta name=\"robots\" content=\"index, follow, max-snippet:-1, max-image-preview:large, max-video-preview:-1\" \/>\n<link rel=\"canonical\" href=\"https:\/\/www.les-ateliers-soa.fr\/en\/politique-de-confidentialite\/\" \/>\n<meta property=\"og:locale\" content=\"en_GB\" \/>\n<meta property=\"og:type\" content=\"article\" \/>\n<meta property=\"og:title\" content=\"Politique de confidentialit\u00e9 - LES ATELIERS SOA - Ateliers DIY cosm\u00e9tiques &amp; bien \u00eatre - Paris Ile de France\" \/>\n<meta property=\"og:description\" content=\"DECLARATION DE CONFORMITE AU RGPD DU SITE E-COMMERCE : WWW.LES-ATELIERS-SOA.FR En vigueur \u00e0 compter du 25 mai 2018 1 \u2022 Introduction Sur le site Les Ateliers Soa, nous souhaitons vous offrir la meilleure exp\u00e9rience possible pour que vous puissiez profiter de notre site e-commerce aujourd\u2019hui, demain et dans le futur. Nous avons \u00e9galement pour objectif [&hellip;]\" \/>\n<meta property=\"og:url\" content=\"https:\/\/www.les-ateliers-soa.fr\/en\/politique-de-confidentialite\/\" \/>\n<meta property=\"og:site_name\" content=\"LES ATELIERS SOA - Ateliers DIY cosm\u00e9tiques &amp; bien \u00eatre - Paris Ile de France\" \/>\n<meta property=\"article:modified_time\" content=\"2022-09-08T14:08:43+00:00\" \/>\n<meta name=\"twitter:card\" content=\"summary_large_image\" \/>\n<meta name=\"twitter:label1\" content=\"Estimated reading time\" \/>\n\t<meta name=\"twitter:data1\" content=\"4 minutes\" \/>\n<script type=\"application\/ld+json\" class=\"yoast-schema-graph\">{\"@context\":\"https:\\\/\\\/schema.org\",\"@graph\":[{\"@type\":\"WebPage\",\"@id\":\"https:\\\/\\\/www.les-ateliers-soa.fr\\\/politique-de-confidentialite\\\/\",\"url\":\"https:\\\/\\\/www.les-ateliers-soa.fr\\\/politique-de-confidentialite\\\/\",\"name\":\"Politique de confidentialit\u00e9 - LES ATELIERS SOA - Ateliers DIY cosm\u00e9tiques &amp; bien \u00eatre - Paris Ile de France\",\"isPartOf\":{\"@id\":\"https:\\\/\\\/www.les-ateliers-soa.fr\\\/#website\"},\"datePublished\":\"2022-08-02T11:57:36+00:00\",\"dateModified\":\"2022-09-08T14:08:43+00:00\",\"breadcrumb\":{\"@id\":\"https:\\\/\\\/www.les-ateliers-soa.fr\\\/politique-de-confidentialite\\\/#breadcrumb\"},\"inLanguage\":\"en-GB\",\"potentialAction\":[{\"@type\":\"ReadAction\",\"target\":[\"https:\\\/\\\/www.les-ateliers-soa.fr\\\/politique-de-confidentialite\\\/\"]}]},{\"@type\":\"BreadcrumbList\",\"@id\":\"https:\\\/\\\/www.les-ateliers-soa.fr\\\/politique-de-confidentialite\\\/#breadcrumb\",\"itemListElement\":[{\"@type\":\"ListItem\",\"position\":1,\"name\":\"Accueil\",\"item\":\"https:\\\/\\\/www.les-ateliers-soa.fr\\\/\"},{\"@type\":\"ListItem\",\"position\":2,\"name\":\"Politique de confidentialit\u00e9\"}]},{\"@type\":\"WebSite\",\"@id\":\"https:\\\/\\\/www.les-ateliers-soa.fr\\\/#website\",\"url\":\"https:\\\/\\\/www.les-ateliers-soa.fr\\\/\",\"name\":\"LES ATELIERS SOA - Ateliers DIY cosm\u00e9tiques &amp; bien \u00eatre - Paris Ile de France\",\"description\":\"Ateliers DIY cosm\u00e9tiques &amp; bien \u00eatre - Paris Ile de France\",\"potentialAction\":[{\"@type\":\"SearchAction\",\"target\":{\"@type\":\"EntryPoint\",\"urlTemplate\":\"https:\\\/\\\/www.les-ateliers-soa.fr\\\/?s={search_term_string}\"},\"query-input\":{\"@type\":\"PropertyValueSpecification\",\"valueRequired\":true,\"valueName\":\"search_term_string\"}}],\"inLanguage\":\"en-GB\"}]}<\/script>\n<!-- \/ Yoast SEO plugin. -->","yoast_head_json":{"title":"Politique de confidentialit\u00e9 - LES ATELIERS SOA - Ateliers DIY cosm\u00e9tiques &amp; bien \u00eatre - Paris Ile de France","robots":{"index":"index","follow":"follow","max-snippet":"max-snippet:-1","max-image-preview":"max-image-preview:large","max-video-preview":"max-video-preview:-1"},"canonical":"https:\/\/www.les-ateliers-soa.fr\/en\/politique-de-confidentialite\/","og_locale":"en_GB","og_type":"article","og_title":"Politique de confidentialit\u00e9 - LES ATELIERS SOA - Ateliers DIY cosm\u00e9tiques &amp; bien \u00eatre - Paris Ile de France","og_description":"DECLARATION DE CONFORMITE AU RGPD DU SITE E-COMMERCE : WWW.LES-ATELIERS-SOA.FR En vigueur \u00e0 compter du 25 mai 2018 1 \u2022 Introduction Sur le site Les Ateliers Soa, nous souhaitons vous offrir la meilleure exp\u00e9rience possible pour que vous puissiez profiter de notre site e-commerce aujourd\u2019hui, demain et dans le futur. Nous avons \u00e9galement pour objectif [&hellip;]","og_url":"https:\/\/www.les-ateliers-soa.fr\/en\/politique-de-confidentialite\/","og_site_name":"LES ATELIERS SOA - Ateliers DIY cosm\u00e9tiques &amp; bien \u00eatre - Paris Ile de France","article_modified_time":"2022-09-08T14:08:43+00:00","twitter_card":"summary_large_image","twitter_misc":{"Estimated reading time":"4 minutes"},"schema":{"@context":"https:\/\/schema.org","@graph":[{"@type":"WebPage","@id":"https:\/\/www.les-ateliers-soa.fr\/politique-de-confidentialite\/","url":"https:\/\/www.les-ateliers-soa.fr\/politique-de-confidentialite\/","name":"Politique de confidentialit\u00e9 - LES ATELIERS SOA - Ateliers DIY cosm\u00e9tiques &amp; bien \u00eatre - Paris Ile de France","isPartOf":{"@id":"https:\/\/www.les-ateliers-soa.fr\/#website"},"datePublished":"2022-08-02T11:57:36+00:00","dateModified":"2022-09-08T14:08:43+00:00","breadcrumb":{"@id":"https:\/\/www.les-ateliers-soa.fr\/politique-de-confidentialite\/#breadcrumb"},"inLanguage":"en-GB","potentialAction":[{"@type":"ReadAction","target":["https:\/\/www.les-ateliers-soa.fr\/politique-de-confidentialite\/"]}]},{"@type":"BreadcrumbList","@id":"https:\/\/www.les-ateliers-soa.fr\/politique-de-confidentialite\/#breadcrumb","itemListElement":[{"@type":"ListItem","position":1,"name":"Accueil","item":"https:\/\/www.les-ateliers-soa.fr\/"},{"@type":"ListItem","position":2,"name":"Politique de confidentialit\u00e9"}]},{"@type":"WebSite","@id":"https:\/\/www.les-ateliers-soa.fr\/#website","url":"https:\/\/www.les-ateliers-soa.fr\/","name":"LES ATELIERS SOA - Ateliers DIY cosm\u00e9tiques &amp; bien \u00eatre - Paris Ile de France","description":"Ateliers DIY cosm\u00e9tiques &amp; bien \u00eatre - Paris Ile de France","potentialAction":[{"@type":"SearchAction","target":{"@type":"EntryPoint","urlTemplate":"https:\/\/www.les-ateliers-soa.fr\/?s={search_term_string}"},"query-input":{"@type":"PropertyValueSpecification","valueRequired":true,"valueName":"search_term_string"}}],"inLanguage":"en-GB"}]}},"_links":{"self":[{"href":"https:\/\/www.les-ateliers-soa.fr\/en\/wp-json\/wp\/v2\/pages\/3","targetHints":{"allow":["GET"]}}],"collection":[{"href":"https:\/\/www.les-ateliers-soa.fr\/en\/wp-json\/wp\/v2\/pages"}],"about":[{"href":"https:\/\/www.les-ateliers-soa.fr\/en\/wp-json\/wp\/v2\/types\/page"}],"author":[{"embeddable":true,"href":"https:\/\/www.les-ateliers-soa.fr\/en\/wp-json\/wp\/v2\/users\/1"}],"replies":[{"embeddable":true,"href":"https:\/\/www.les-ateliers-soa.fr\/en\/wp-json\/wp\/v2\/comments?post=3"}],"version-history":[{"count":2,"href":"https:\/\/www.les-ateliers-soa.fr\/en\/wp-json\/wp\/v2\/pages\/3\/revisions"}],"predecessor-version":[{"id":328,"href":"https:\/\/www.les-ateliers-soa.fr\/en\/wp-json\/wp\/v2\/pages\/3\/revisions\/328"}],"wp:attachment":[{"href":"https:\/\/www.les-ateliers-soa.fr\/en\/wp-json\/wp\/v2\/media?parent=3"}],"curies":[{"name":"wp","href":"https:\/\/api.w.org\/{rel}","templated":true}]}}