{"id":214,"date":"2022-08-12T14:17:05","date_gmt":"2022-08-12T12:17:05","guid":{"rendered":"https:\/\/www.les-ateliers-soa.fr\/?post_type=product&#038;p=214"},"modified":"2026-04-29T12:43:17","modified_gmt":"2026-04-29T10:43:17","slug":"gifts","status":"publish","type":"product","link":"https:\/\/www.les-ateliers-soa.fr\/en\/product\/gifts\/","title":{"rendered":"LA CARTE CADEAU SOA"},"content":{"rendered":"<div style=\"margin-top: 50px;\">\n<p><!-- INTRO --><\/p>\n<div style=\"background: #fff8f6; padding: 50px 30px; border-radius: 16px; border: 1px solid #fcefef; text-align: center;\">\n<h2 style=\"color: #eb4b48; font-size: 30px; margin-bottom: 20px;\">Plus qu\u2019un cadeau : une exp\u00e9rience \u00e0 vivre<\/h2>\n<p style=\"font-size: 18px; max-width: 720px; margin: auto; line-height: 1.6;\">Offrez une carte cadeau pour un atelier cosm\u00e9tique \u00e0 Paris et permettez \u00e0 vos proches de vivre un moment cr\u00e9atif, personnalis\u00e9 et inoubliable.<br \/>\nUne exp\u00e9rience unique autour de la cosm\u00e9tique naturelle, dans un cadre convivial et chaleureux.<\/p>\n<p>Cliquez sur \u00ab\u00a0offrir une carte cadeau \u00a0\u00bb pour d\u00e9couvrir et faire d\u00e9couvrir nos ateliers !<\/p>\n<\/div>\n<p>&nbsp;<\/p>\n<\/div>","protected":false},"excerpt":{"rendered":"<p>Plus qu\u2019un cadeau : une exp\u00e9rience \u00e0 vivre Offrez une carte cadeau pour un atelier cosm\u00e9tique \u00e0 Paris et permettez \u00e0 vos proches de vivre un moment cr\u00e9atif, personnalis\u00e9 et inoubliable. Une exp\u00e9rience unique autour de la cosm\u00e9tique naturelle, dans un cadre convivial et chaleureux. Cliquez sur \u00ab\u00a0offrir une carte cadeau \u00a0\u00bb pour d\u00e9couvrir et [&hellip;]<\/p>\n","protected":false},"featured_media":6573,"comment_status":"open","ping_status":"closed","template":"","meta":{"_acf_changed":false,"inline_featured_image":false},"product_brand":[],"product_cat":[23],"product_tag":[],"class_list":{"0":"post-214","1":"product","2":"type-product","3":"status-publish","4":"has-post-thumbnail","6":"product_cat-ateliers","8":"first","9":"instock","10":"taxable","11":"shipping-taxable","12":"product-type-external"},"acf":[],"yoast_head":"<!-- This site is optimized with the Yoast SEO plugin v27.5 - https:\/\/yoast.com\/product\/yoast-seo-wordpress\/ -->\n<title>LA CARTE CADEAU SOA - LES ATELIERS SOA - Ateliers DIY cosm\u00e9tiques &amp; bien \u00eatre - Paris Ile de France<\/title>\n<meta name=\"description\" content=\"La carte cadeau des Ateliers SOA est la solution id\u00e9ale pour faire plaisir \u00e0 vos proches, amis ou coll\u00e8gues. Offrez-leur une exp\u00e9rience inoubliable : la cr\u00e9ation de soins cosm\u00e9tiques et naturels, dans une ambiance chaleureuse et cr\u00e9ative.\" \/>\n<meta name=\"robots\" content=\"index, follow, max-snippet:-1, max-image-preview:large, max-video-preview:-1\" \/>\n<link rel=\"canonical\" href=\"https:\/\/www.les-ateliers-soa.fr\/en\/product\/gifts\/\" \/>\n<meta property=\"og:locale\" content=\"en_GB\" \/>\n<meta property=\"og:type\" content=\"article\" \/>\n<meta property=\"og:title\" content=\"LA CARTE CADEAU SOA - LES ATELIERS SOA - Ateliers DIY cosm\u00e9tiques &amp; bien \u00eatre - Paris Ile de France\" \/>\n<meta property=\"og:description\" content=\"La carte cadeau des Ateliers SOA est la solution id\u00e9ale pour faire plaisir \u00e0 vos proches, amis ou coll\u00e8gues. Offrez-leur une exp\u00e9rience inoubliable : la cr\u00e9ation de soins cosm\u00e9tiques et naturels, dans une ambiance chaleureuse et cr\u00e9ative.\" \/>\n<meta property=\"og:url\" content=\"https:\/\/www.les-ateliers-soa.fr\/en\/product\/gifts\/\" \/>\n<meta property=\"og:site_name\" content=\"LES ATELIERS SOA - Ateliers DIY cosm\u00e9tiques &amp; bien \u00eatre - Paris Ile de France\" \/>\n<meta property=\"article:modified_time\" content=\"2026-04-29T10:43:17+00:00\" \/>\n<meta property=\"og:image\" content=\"https:\/\/www.les-ateliers-soa.fr\/wp-content\/uploads\/2022\/08\/Copie-de-1920x1080-STORY-editable-ARTISAN-KIT-SAINTVAL-2026-v11.png\" \/>\n\t<meta property=\"og:image:width\" content=\"1080\" \/>\n\t<meta property=\"og:image:height\" content=\"1920\" \/>\n\t<meta property=\"og:image:type\" content=\"image\/png\" \/>\n<meta name=\"twitter:card\" content=\"summary_large_image\" \/>\n<meta name=\"twitter:label1\" content=\"Estimated reading time\" \/>\n\t<meta name=\"twitter:data1\" content=\"1 minute\" \/>\n<script type=\"application\/ld+json\" class=\"yoast-schema-graph\">{\"@context\":\"https:\\\/\\\/schema.org\",\"@graph\":[{\"@type\":\"WebPage\",\"@id\":\"https:\\\/\\\/www.les-ateliers-soa.fr\\\/product\\\/gifts\\\/\",\"url\":\"https:\\\/\\\/www.les-ateliers-soa.fr\\\/product\\\/gifts\\\/\",\"name\":\"LA CARTE CADEAU SOA - LES ATELIERS SOA - Ateliers DIY cosm\u00e9tiques &amp; bien \u00eatre - Paris Ile de France\",\"isPartOf\":{\"@id\":\"https:\\\/\\\/www.les-ateliers-soa.fr\\\/#website\"},\"primaryImageOfPage\":{\"@id\":\"https:\\\/\\\/www.les-ateliers-soa.fr\\\/product\\\/gifts\\\/#primaryimage\"},\"image\":{\"@id\":\"https:\\\/\\\/www.les-ateliers-soa.fr\\\/product\\\/gifts\\\/#primaryimage\"},\"thumbnailUrl\":\"https:\\\/\\\/www.les-ateliers-soa.fr\\\/wp-content\\\/uploads\\\/2022\\\/08\\\/Copie-de-1920x1080-STORY-editable-ARTISAN-KIT-SAINTVAL-2026-v11.png\",\"datePublished\":\"2022-08-12T12:17:05+00:00\",\"dateModified\":\"2026-04-29T10:43:17+00:00\",\"description\":\"La carte cadeau des Ateliers SOA est la solution id\u00e9ale pour faire plaisir \u00e0 vos proches, amis ou coll\u00e8gues. Offrez-leur une exp\u00e9rience inoubliable : la cr\u00e9ation de soins cosm\u00e9tiques et naturels, dans une ambiance chaleureuse et cr\u00e9ative.\",\"breadcrumb\":{\"@id\":\"https:\\\/\\\/www.les-ateliers-soa.fr\\\/product\\\/gifts\\\/#breadcrumb\"},\"inLanguage\":\"en-GB\",\"potentialAction\":[{\"@type\":\"ReadAction\",\"target\":[\"https:\\\/\\\/www.les-ateliers-soa.fr\\\/product\\\/gifts\\\/\"]}]},{\"@type\":\"ImageObject\",\"inLanguage\":\"en-GB\",\"@id\":\"https:\\\/\\\/www.les-ateliers-soa.fr\\\/product\\\/gifts\\\/#primaryimage\",\"url\":\"https:\\\/\\\/www.les-ateliers-soa.fr\\\/wp-content\\\/uploads\\\/2022\\\/08\\\/Copie-de-1920x1080-STORY-editable-ARTISAN-KIT-SAINTVAL-2026-v11.png\",\"contentUrl\":\"https:\\\/\\\/www.les-ateliers-soa.fr\\\/wp-content\\\/uploads\\\/2022\\\/08\\\/Copie-de-1920x1080-STORY-editable-ARTISAN-KIT-SAINTVAL-2026-v11.png\",\"width\":1080,\"height\":1920},{\"@type\":\"BreadcrumbList\",\"@id\":\"https:\\\/\\\/www.les-ateliers-soa.fr\\\/product\\\/gifts\\\/#breadcrumb\",\"itemListElement\":[{\"@type\":\"ListItem\",\"position\":1,\"name\":\"Accueil\",\"item\":\"https:\\\/\\\/www.les-ateliers-soa.fr\\\/\"},{\"@type\":\"ListItem\",\"position\":2,\"name\":\"Les ateliers sur inscription\",\"item\":\"https:\\\/\\\/www.les-ateliers-soa.fr\\\/les-ateliers-sur-inscription\\\/\"},{\"@type\":\"ListItem\",\"position\":3,\"name\":\"LA CARTE CADEAU SOA\"}]},{\"@type\":\"WebSite\",\"@id\":\"https:\\\/\\\/www.les-ateliers-soa.fr\\\/#website\",\"url\":\"https:\\\/\\\/www.les-ateliers-soa.fr\\\/\",\"name\":\"LES ATELIERS SOA - Ateliers DIY cosm\u00e9tiques &amp; bien \u00eatre - Paris Ile de France\",\"description\":\"Ateliers DIY cosm\u00e9tiques &amp; bien \u00eatre - Paris Ile de France\",\"potentialAction\":[{\"@type\":\"SearchAction\",\"target\":{\"@type\":\"EntryPoint\",\"urlTemplate\":\"https:\\\/\\\/www.les-ateliers-soa.fr\\\/?s={search_term_string}\"},\"query-input\":{\"@type\":\"PropertyValueSpecification\",\"valueRequired\":true,\"valueName\":\"search_term_string\"}}],\"inLanguage\":\"en-GB\"}]}<\/script>\n<!-- \/ Yoast SEO plugin. -->","yoast_head_json":{"title":"LA CARTE CADEAU SOA - LES ATELIERS SOA - Ateliers DIY cosm\u00e9tiques &amp; bien \u00eatre - Paris Ile de France","description":"La carte cadeau des Ateliers SOA est la solution id\u00e9ale pour faire plaisir \u00e0 vos proches, amis ou coll\u00e8gues. Offrez-leur une exp\u00e9rience inoubliable : la cr\u00e9ation de soins cosm\u00e9tiques et naturels, dans une ambiance chaleureuse et cr\u00e9ative.","robots":{"index":"index","follow":"follow","max-snippet":"max-snippet:-1","max-image-preview":"max-image-preview:large","max-video-preview":"max-video-preview:-1"},"canonical":"https:\/\/www.les-ateliers-soa.fr\/en\/product\/gifts\/","og_locale":"en_GB","og_type":"article","og_title":"LA CARTE CADEAU SOA - LES ATELIERS SOA - Ateliers DIY cosm\u00e9tiques &amp; bien \u00eatre - Paris Ile de France","og_description":"La carte cadeau des Ateliers SOA est la solution id\u00e9ale pour faire plaisir \u00e0 vos proches, amis ou coll\u00e8gues. Offrez-leur une exp\u00e9rience inoubliable : la cr\u00e9ation de soins cosm\u00e9tiques et naturels, dans une ambiance chaleureuse et cr\u00e9ative.","og_url":"https:\/\/www.les-ateliers-soa.fr\/en\/product\/gifts\/","og_site_name":"LES ATELIERS SOA - Ateliers DIY cosm\u00e9tiques &amp; bien \u00eatre - Paris Ile de France","article_modified_time":"2026-04-29T10:43:17+00:00","og_image":[{"width":1080,"height":1920,"url":"https:\/\/www.les-ateliers-soa.fr\/wp-content\/uploads\/2022\/08\/Copie-de-1920x1080-STORY-editable-ARTISAN-KIT-SAINTVAL-2026-v11.png","type":"image\/png"}],"twitter_card":"summary_large_image","twitter_misc":{"Estimated reading time":"1 minute"},"schema":{"@context":"https:\/\/schema.org","@graph":[{"@type":"WebPage","@id":"https:\/\/www.les-ateliers-soa.fr\/product\/gifts\/","url":"https:\/\/www.les-ateliers-soa.fr\/product\/gifts\/","name":"LA CARTE CADEAU SOA - LES ATELIERS SOA - Ateliers DIY cosm\u00e9tiques &amp; bien \u00eatre - Paris Ile de France","isPartOf":{"@id":"https:\/\/www.les-ateliers-soa.fr\/#website"},"primaryImageOfPage":{"@id":"https:\/\/www.les-ateliers-soa.fr\/product\/gifts\/#primaryimage"},"image":{"@id":"https:\/\/www.les-ateliers-soa.fr\/product\/gifts\/#primaryimage"},"thumbnailUrl":"https:\/\/www.les-ateliers-soa.fr\/wp-content\/uploads\/2022\/08\/Copie-de-1920x1080-STORY-editable-ARTISAN-KIT-SAINTVAL-2026-v11.png","datePublished":"2022-08-12T12:17:05+00:00","dateModified":"2026-04-29T10:43:17+00:00","description":"La carte cadeau des Ateliers SOA est la solution id\u00e9ale pour faire plaisir \u00e0 vos proches, amis ou coll\u00e8gues. Offrez-leur une exp\u00e9rience inoubliable : la cr\u00e9ation de soins cosm\u00e9tiques et naturels, dans une ambiance chaleureuse et cr\u00e9ative.","breadcrumb":{"@id":"https:\/\/www.les-ateliers-soa.fr\/product\/gifts\/#breadcrumb"},"inLanguage":"en-GB","potentialAction":[{"@type":"ReadAction","target":["https:\/\/www.les-ateliers-soa.fr\/product\/gifts\/"]}]},{"@type":"ImageObject","inLanguage":"en-GB","@id":"https:\/\/www.les-ateliers-soa.fr\/product\/gifts\/#primaryimage","url":"https:\/\/www.les-ateliers-soa.fr\/wp-content\/uploads\/2022\/08\/Copie-de-1920x1080-STORY-editable-ARTISAN-KIT-SAINTVAL-2026-v11.png","contentUrl":"https:\/\/www.les-ateliers-soa.fr\/wp-content\/uploads\/2022\/08\/Copie-de-1920x1080-STORY-editable-ARTISAN-KIT-SAINTVAL-2026-v11.png","width":1080,"height":1920},{"@type":"BreadcrumbList","@id":"https:\/\/www.les-ateliers-soa.fr\/product\/gifts\/#breadcrumb","itemListElement":[{"@type":"ListItem","position":1,"name":"Accueil","item":"https:\/\/www.les-ateliers-soa.fr\/"},{"@type":"ListItem","position":2,"name":"Les ateliers sur inscription","item":"https:\/\/www.les-ateliers-soa.fr\/les-ateliers-sur-inscription\/"},{"@type":"ListItem","position":3,"name":"LA CARTE CADEAU SOA"}]},{"@type":"WebSite","@id":"https:\/\/www.les-ateliers-soa.fr\/#website","url":"https:\/\/www.les-ateliers-soa.fr\/","name":"LES ATELIERS SOA - Ateliers DIY cosm\u00e9tiques &amp; bien \u00eatre - Paris Ile de France","description":"Ateliers DIY cosm\u00e9tiques &amp; bien \u00eatre - Paris Ile de France","potentialAction":[{"@type":"SearchAction","target":{"@type":"EntryPoint","urlTemplate":"https:\/\/www.les-ateliers-soa.fr\/?s={search_term_string}"},"query-input":{"@type":"PropertyValueSpecification","valueRequired":true,"valueName":"search_term_string"}}],"inLanguage":"en-GB"}]}},"_links":{"self":[{"href":"https:\/\/www.les-ateliers-soa.fr\/en\/wp-json\/wp\/v2\/product\/214","targetHints":{"allow":["GET"]}}],"collection":[{"href":"https:\/\/www.les-ateliers-soa.fr\/en\/wp-json\/wp\/v2\/product"}],"about":[{"href":"https:\/\/www.les-ateliers-soa.fr\/en\/wp-json\/wp\/v2\/types\/product"}],"replies":[{"embeddable":true,"href":"https:\/\/www.les-ateliers-soa.fr\/en\/wp-json\/wp\/v2\/comments?post=214"}],"wp:featuredmedia":[{"embeddable":true,"href":"https:\/\/www.les-ateliers-soa.fr\/en\/wp-json\/wp\/v2\/media\/6573"}],"wp:attachment":[{"href":"https:\/\/www.les-ateliers-soa.fr\/en\/wp-json\/wp\/v2\/media?parent=214"}],"wp:term":[{"taxonomy":"product_brand","embeddable":true,"href":"https:\/\/www.les-ateliers-soa.fr\/en\/wp-json\/wp\/v2\/product_brand?post=214"},{"taxonomy":"product_cat","embeddable":true,"href":"https:\/\/www.les-ateliers-soa.fr\/en\/wp-json\/wp\/v2\/product_cat?post=214"},{"taxonomy":"product_tag","embeddable":true,"href":"https:\/\/www.les-ateliers-soa.fr\/en\/wp-json\/wp\/v2\/product_tag?post=214"}],"curies":[{"name":"wp","href":"https:\/\/api.w.org\/{rel}","templated":true}]}}