{"id":4935,"date":"2025-01-08T14:57:36","date_gmt":"2025-01-08T13:57:36","guid":{"rendered":"https:\/\/www.les-ateliers-soa.fr\/?post_type=product&#038;p=4935"},"modified":"2026-03-25T10:41:14","modified_gmt":"2026-03-25T09:41:14","slug":"ateliersbrumehuileoucreme","status":"publish","type":"product","link":"https:\/\/www.les-ateliers-soa.fr\/en\/product\/ateliersbrumehuileoucreme\/","title":{"rendered":"Atelier DIY Brume, Huile ou Cr\u00e8me mains"},"content":{"rendered":"<p>D\u00e9couvrez les ateliers cosm\u00e9tiques des Ateliers SOA, o\u00f9 vous pourrez cr\u00e9er votre propre soin de beaut\u00e9 personnalis\u00e9 : une brume florale, une huile scintillante ou une cr\u00e8me mains. Vous serez guid\u00e9e pas \u00e0 pas pour concevoir un soin naturel qui vous ressemble. D\u00e8s le d\u00e9but de l\u2019atelier, vous choisirez entre trois possibilit\u00e9s :<\/p>\n<p>Une brume florale : fra\u00eeche et d\u00e9licatement parfum\u00e9e, elle apporte une sensation imm\u00e9diate de bien-\u00eatre et de l\u00e9g\u00e8ret\u00e9. Id\u00e9ale pour rafra\u00eechir la peau ou parfumer naturellement le corps et le linge.<\/p>\n<p>Une huile scintillante : nourrissante et sublimatrice, elle illumine la peau d\u2019un \u00e9clat subtil. Parfaite pour mettre en valeur le corps tout en laissant un fini satin\u00e9 et \u00e9l\u00e9gant.<\/p>\n<p>Une cr\u00e8me mains : riche et douce, elle nourrit intens\u00e9ment les mains tout en les enveloppant d\u2019un parfum d\u00e9licat. Un indispensable pour des mains souples et prot\u00e9g\u00e9es au quotidien.<\/p>\n<p>Vous s\u00e9lectionnerez vos ingr\u00e9dients naturels, apprendrez \u00e0 les associer harmonieusement et r\u00e9aliserez votre soin selon la texture et le parfum de votre choix, avant de le conditionner dans son contenant final.<\/p>\n<p>Laissez parler votre cr\u00e9ativit\u00e9 et vos envies du moment ! R\u00e9servez votre place et choisissez votre soin le jour de l\u2019atelier.<\/p>\n<p>Et parce que nous aimons vous accueillir dans les meilleures conditions, nos ateliers se d\u00e9roulent en petit comit\u00e9 : les places sont donc limit\u00e9es. Nous vous rappelons \u00e9galement que chaque accompagnant doit r\u00e9server sa place pour pouvoir participer ou \u00eatre pr\u00e9sent dans l\u2019atelier.<\/p>\n<p>&nbsp;<\/p>\n<p>&nbsp;<\/p>\n<p><strong>\u00a0<\/strong><\/p>\n<h3>\u2b95<a href=\"https:\/\/pro.daisyapp.fr\/personal-reservation?artist=d117878f-b6f9-4c80-a8b2-b7ee6a2eaab1%2F5554358a-5092-4f2a-83ea-0d1634c7604d\">Pour r\u00e9server, RDV SUR CE LIEN\u00a0<\/a><\/h3>","protected":false},"excerpt":{"rendered":"<p>D\u00e9couvrez les ateliers cosm\u00e9tiques des Ateliers SOA, o\u00f9 vous pourrez cr\u00e9er votre propre soin de beaut\u00e9 personnalis\u00e9 : une brume florale, une huile scintillante ou une cr\u00e8me mains. Vous serez guid\u00e9e pas \u00e0 pas pour concevoir un soin naturel qui vous ressemble. D\u00e8s le d\u00e9but de l\u2019atelier, vous choisirez entre trois possibilit\u00e9s : Une brume [&hellip;]<\/p>\n","protected":false},"featured_media":3230,"comment_status":"open","ping_status":"closed","template":"","meta":{"_acf_changed":false,"inline_featured_image":false},"product_brand":[],"product_cat":[23],"product_tag":[],"class_list":{"0":"post-4935","1":"product","2":"type-product","3":"status-publish","4":"has-post-thumbnail","6":"product_cat-ateliers","8":"first","9":"instock","10":"taxable","11":"shipping-taxable","12":"product-type-external"},"acf":[],"yoast_head":"<!-- This site is optimized with the Yoast SEO plugin v27.2 - https:\/\/yoast.com\/product\/yoast-seo-wordpress\/ -->\n<title>Atelier DIY Brume, Huile ou Cr\u00e8me mains - LES ATELIERS SOA - Ateliers DIY cosm\u00e9tiques &amp; bien \u00eatre - Paris Ile de France<\/title>\n<meta name=\"robots\" content=\"index, follow, max-snippet:-1, max-image-preview:large, max-video-preview:-1\" \/>\n<link rel=\"canonical\" href=\"https:\/\/www.les-ateliers-soa.fr\/en\/product\/ateliersbrumehuileoucreme\/\" \/>\n<meta property=\"og:locale\" content=\"en_GB\" \/>\n<meta property=\"og:type\" content=\"article\" \/>\n<meta property=\"og:title\" content=\"Atelier DIY Brume, Huile ou Cr\u00e8me mains - LES ATELIERS SOA - Ateliers DIY cosm\u00e9tiques &amp; bien \u00eatre - Paris Ile de France\" \/>\n<meta property=\"og:description\" content=\"D\u00e9couvrez les ateliers cosm\u00e9tiques des Ateliers SOA, o\u00f9 vous pourrez cr\u00e9er votre propre soin de beaut\u00e9 personnalis\u00e9 : une brume florale, une huile scintillante ou une cr\u00e8me mains. Vous serez guid\u00e9e pas \u00e0 pas pour concevoir un soin naturel qui vous ressemble. D\u00e8s le d\u00e9but de l\u2019atelier, vous choisirez entre trois possibilit\u00e9s : Une brume [&hellip;]\" \/>\n<meta property=\"og:url\" content=\"https:\/\/www.les-ateliers-soa.fr\/en\/product\/ateliersbrumehuileoucreme\/\" \/>\n<meta property=\"og:site_name\" content=\"LES ATELIERS SOA - Ateliers DIY cosm\u00e9tiques &amp; bien \u00eatre - Paris Ile de France\" \/>\n<meta property=\"article:modified_time\" content=\"2026-03-25T09:41:14+00:00\" \/>\n<meta property=\"og:image\" content=\"https:\/\/www.les-ateliers-soa.fr\/wp-content\/uploads\/2024\/10\/IMG_7990-scaled.jpeg\" \/>\n\t<meta property=\"og:image:width\" content=\"1707\" \/>\n\t<meta property=\"og:image:height\" content=\"2560\" \/>\n\t<meta property=\"og:image:type\" content=\"image\/jpeg\" \/>\n<meta name=\"twitter:card\" content=\"summary_large_image\" \/>\n<meta name=\"twitter:label1\" content=\"Estimated reading time\" \/>\n\t<meta name=\"twitter:data1\" content=\"2 minutes\" \/>\n<script type=\"application\/ld+json\" class=\"yoast-schema-graph\">{\"@context\":\"https:\/\/schema.org\",\"@graph\":[{\"@type\":\"WebPage\",\"@id\":\"https:\/\/www.les-ateliers-soa.fr\/product\/ateliersbrumehuileoucreme\/\",\"url\":\"https:\/\/www.les-ateliers-soa.fr\/product\/ateliersbrumehuileoucreme\/\",\"name\":\"Atelier DIY Brume, Huile ou Cr\u00e8me mains - LES ATELIERS SOA - Ateliers DIY cosm\u00e9tiques &amp; bien \u00eatre - Paris Ile de France\",\"isPartOf\":{\"@id\":\"https:\/\/www.les-ateliers-soa.fr\/#website\"},\"primaryImageOfPage\":{\"@id\":\"https:\/\/www.les-ateliers-soa.fr\/product\/ateliersbrumehuileoucreme\/#primaryimage\"},\"image\":{\"@id\":\"https:\/\/www.les-ateliers-soa.fr\/product\/ateliersbrumehuileoucreme\/#primaryimage\"},\"thumbnailUrl\":\"https:\/\/www.les-ateliers-soa.fr\/wp-content\/uploads\/2024\/10\/IMG_7990-scaled.jpeg\",\"datePublished\":\"2025-01-08T13:57:36+00:00\",\"dateModified\":\"2026-03-25T09:41:14+00:00\",\"breadcrumb\":{\"@id\":\"https:\/\/www.les-ateliers-soa.fr\/product\/ateliersbrumehuileoucreme\/#breadcrumb\"},\"inLanguage\":\"en-GB\",\"potentialAction\":[{\"@type\":\"ReadAction\",\"target\":[\"https:\/\/www.les-ateliers-soa.fr\/product\/ateliersbrumehuileoucreme\/\"]}]},{\"@type\":\"ImageObject\",\"inLanguage\":\"en-GB\",\"@id\":\"https:\/\/www.les-ateliers-soa.fr\/product\/ateliersbrumehuileoucreme\/#primaryimage\",\"url\":\"https:\/\/www.les-ateliers-soa.fr\/wp-content\/uploads\/2024\/10\/IMG_7990-scaled.jpeg\",\"contentUrl\":\"https:\/\/www.les-ateliers-soa.fr\/wp-content\/uploads\/2024\/10\/IMG_7990-scaled.jpeg\",\"width\":1707,\"height\":2560},{\"@type\":\"BreadcrumbList\",\"@id\":\"https:\/\/www.les-ateliers-soa.fr\/product\/ateliersbrumehuileoucreme\/#breadcrumb\",\"itemListElement\":[{\"@type\":\"ListItem\",\"position\":1,\"name\":\"Accueil\",\"item\":\"https:\/\/www.les-ateliers-soa.fr\/\"},{\"@type\":\"ListItem\",\"position\":2,\"name\":\"Les ateliers sur inscription\",\"item\":\"https:\/\/www.les-ateliers-soa.fr\/les-ateliers-sur-inscription\/\"},{\"@type\":\"ListItem\",\"position\":3,\"name\":\"Atelier DIY Brume, Huile ou Cr\u00e8me mains\"}]},{\"@type\":\"WebSite\",\"@id\":\"https:\/\/www.les-ateliers-soa.fr\/#website\",\"url\":\"https:\/\/www.les-ateliers-soa.fr\/\",\"name\":\"LES ATELIERS SOA - Ateliers DIY cosm\u00e9tiques &amp; bien \u00eatre - Paris Ile de France\",\"description\":\"Ateliers DIY cosm\u00e9tiques &amp; bien \u00eatre - Paris Ile de France\",\"potentialAction\":[{\"@type\":\"SearchAction\",\"target\":{\"@type\":\"EntryPoint\",\"urlTemplate\":\"https:\/\/www.les-ateliers-soa.fr\/?s={search_term_string}\"},\"query-input\":{\"@type\":\"PropertyValueSpecification\",\"valueRequired\":true,\"valueName\":\"search_term_string\"}}],\"inLanguage\":\"en-GB\"}]}<\/script>\n<!-- \/ Yoast SEO plugin. -->","yoast_head_json":{"title":"Atelier DIY Brume, Huile ou Cr\u00e8me mains - LES ATELIERS SOA - Ateliers DIY cosm\u00e9tiques &amp; bien \u00eatre - Paris Ile de France","robots":{"index":"index","follow":"follow","max-snippet":"max-snippet:-1","max-image-preview":"max-image-preview:large","max-video-preview":"max-video-preview:-1"},"canonical":"https:\/\/www.les-ateliers-soa.fr\/en\/product\/ateliersbrumehuileoucreme\/","og_locale":"en_GB","og_type":"article","og_title":"Atelier DIY Brume, Huile ou Cr\u00e8me mains - LES ATELIERS SOA - Ateliers DIY cosm\u00e9tiques &amp; bien \u00eatre - Paris Ile de France","og_description":"D\u00e9couvrez les ateliers cosm\u00e9tiques des Ateliers SOA, o\u00f9 vous pourrez cr\u00e9er votre propre soin de beaut\u00e9 personnalis\u00e9 : une brume florale, une huile scintillante ou une cr\u00e8me mains. Vous serez guid\u00e9e pas \u00e0 pas pour concevoir un soin naturel qui vous ressemble. D\u00e8s le d\u00e9but de l\u2019atelier, vous choisirez entre trois possibilit\u00e9s : Une brume [&hellip;]","og_url":"https:\/\/www.les-ateliers-soa.fr\/en\/product\/ateliersbrumehuileoucreme\/","og_site_name":"LES ATELIERS SOA - Ateliers DIY cosm\u00e9tiques &amp; bien \u00eatre - Paris Ile de France","article_modified_time":"2026-03-25T09:41:14+00:00","og_image":[{"width":1707,"height":2560,"url":"https:\/\/www.les-ateliers-soa.fr\/wp-content\/uploads\/2024\/10\/IMG_7990-scaled.jpeg","type":"image\/jpeg"}],"twitter_card":"summary_large_image","twitter_misc":{"Estimated reading time":"2 minutes"},"schema":{"@context":"https:\/\/schema.org","@graph":[{"@type":"WebPage","@id":"https:\/\/www.les-ateliers-soa.fr\/product\/ateliersbrumehuileoucreme\/","url":"https:\/\/www.les-ateliers-soa.fr\/product\/ateliersbrumehuileoucreme\/","name":"Atelier DIY Brume, Huile ou Cr\u00e8me mains - LES ATELIERS SOA - Ateliers DIY cosm\u00e9tiques &amp; bien \u00eatre - Paris Ile de France","isPartOf":{"@id":"https:\/\/www.les-ateliers-soa.fr\/#website"},"primaryImageOfPage":{"@id":"https:\/\/www.les-ateliers-soa.fr\/product\/ateliersbrumehuileoucreme\/#primaryimage"},"image":{"@id":"https:\/\/www.les-ateliers-soa.fr\/product\/ateliersbrumehuileoucreme\/#primaryimage"},"thumbnailUrl":"https:\/\/www.les-ateliers-soa.fr\/wp-content\/uploads\/2024\/10\/IMG_7990-scaled.jpeg","datePublished":"2025-01-08T13:57:36+00:00","dateModified":"2026-03-25T09:41:14+00:00","breadcrumb":{"@id":"https:\/\/www.les-ateliers-soa.fr\/product\/ateliersbrumehuileoucreme\/#breadcrumb"},"inLanguage":"en-GB","potentialAction":[{"@type":"ReadAction","target":["https:\/\/www.les-ateliers-soa.fr\/product\/ateliersbrumehuileoucreme\/"]}]},{"@type":"ImageObject","inLanguage":"en-GB","@id":"https:\/\/www.les-ateliers-soa.fr\/product\/ateliersbrumehuileoucreme\/#primaryimage","url":"https:\/\/www.les-ateliers-soa.fr\/wp-content\/uploads\/2024\/10\/IMG_7990-scaled.jpeg","contentUrl":"https:\/\/www.les-ateliers-soa.fr\/wp-content\/uploads\/2024\/10\/IMG_7990-scaled.jpeg","width":1707,"height":2560},{"@type":"BreadcrumbList","@id":"https:\/\/www.les-ateliers-soa.fr\/product\/ateliersbrumehuileoucreme\/#breadcrumb","itemListElement":[{"@type":"ListItem","position":1,"name":"Accueil","item":"https:\/\/www.les-ateliers-soa.fr\/"},{"@type":"ListItem","position":2,"name":"Les ateliers sur inscription","item":"https:\/\/www.les-ateliers-soa.fr\/les-ateliers-sur-inscription\/"},{"@type":"ListItem","position":3,"name":"Atelier DIY Brume, Huile ou Cr\u00e8me mains"}]},{"@type":"WebSite","@id":"https:\/\/www.les-ateliers-soa.fr\/#website","url":"https:\/\/www.les-ateliers-soa.fr\/","name":"LES ATELIERS SOA - Ateliers DIY cosm\u00e9tiques &amp; bien \u00eatre - Paris Ile de France","description":"Ateliers DIY cosm\u00e9tiques &amp; bien \u00eatre - Paris Ile de France","potentialAction":[{"@type":"SearchAction","target":{"@type":"EntryPoint","urlTemplate":"https:\/\/www.les-ateliers-soa.fr\/?s={search_term_string}"},"query-input":{"@type":"PropertyValueSpecification","valueRequired":true,"valueName":"search_term_string"}}],"inLanguage":"en-GB"}]}},"_links":{"self":[{"href":"https:\/\/www.les-ateliers-soa.fr\/en\/wp-json\/wp\/v2\/product\/4935","targetHints":{"allow":["GET"]}}],"collection":[{"href":"https:\/\/www.les-ateliers-soa.fr\/en\/wp-json\/wp\/v2\/product"}],"about":[{"href":"https:\/\/www.les-ateliers-soa.fr\/en\/wp-json\/wp\/v2\/types\/product"}],"replies":[{"embeddable":true,"href":"https:\/\/www.les-ateliers-soa.fr\/en\/wp-json\/wp\/v2\/comments?post=4935"}],"wp:featuredmedia":[{"embeddable":true,"href":"https:\/\/www.les-ateliers-soa.fr\/en\/wp-json\/wp\/v2\/media\/3230"}],"wp:attachment":[{"href":"https:\/\/www.les-ateliers-soa.fr\/en\/wp-json\/wp\/v2\/media?parent=4935"}],"wp:term":[{"taxonomy":"product_brand","embeddable":true,"href":"https:\/\/www.les-ateliers-soa.fr\/en\/wp-json\/wp\/v2\/product_brand?post=4935"},{"taxonomy":"product_cat","embeddable":true,"href":"https:\/\/www.les-ateliers-soa.fr\/en\/wp-json\/wp\/v2\/product_cat?post=4935"},{"taxonomy":"product_tag","embeddable":true,"href":"https:\/\/www.les-ateliers-soa.fr\/en\/wp-json\/wp\/v2\/product_tag?post=4935"}],"curies":[{"name":"wp","href":"https:\/\/api.w.org\/{rel}","templated":true}]}}