{"id":5730,"date":"2025-05-20T17:42:46","date_gmt":"2025-05-20T15:42:46","guid":{"rendered":"https:\/\/www.les-ateliers-soa.fr\/?post_type=product&#038;p=5730"},"modified":"2026-03-25T10:40:11","modified_gmt":"2026-03-25T09:40:11","slug":"atelier-baume-gloss-et-huile-a-levres-teintes","status":"publish","type":"product","link":"https:\/\/www.les-ateliers-soa.fr\/en\/product\/atelier-baume-gloss-et-huile-a-levres-teintes\/","title":{"rendered":"Tinted lip balm, gloss or oil workshop"},"content":{"rendered":"<p><span style=\"font-weight: 400; font-size: 17px;\">\u00a0<\/span><\/p>\n<p><span style=\"font-weight: 400; font-size: 17px;\">Discover lip care at Ateliers SOA, where you can create your own personalized lip care: a lip gloss, lip balm or tinted lip oil. You'll be guided through the process of creating your own personalized lip care product. Right from the start, you'll choose between three possibilities:<\/span><\/p>\n<ul>\n<li style=\"font-weight: 400;\" aria-level=\"1\"><span style=\"font-weight: 400; font-size: 17px;\"><span style=\"font-weight: 400; font-size: 17px;\">A tinted lip balm: nourishing and protective, ideal for soft lips with a touch of color. Perfect for daily care, it intensely moisturizes and offers discreet color.\u00a0<\/span><\/span><\/li>\n<li style=\"font-weight: 400;\" aria-level=\"1\"><span style=\"font-weight: 400; font-size: 17px;\"><span style=\"font-weight: 400; font-size: 17px;\">A tinted lip oil: light and glossy, it moisturizes while adding a subtle tint. Ideal for a natural, luminous finish, it nourishes without stickiness.<\/span><\/span><\/li>\n<li style=\"font-weight: 400;\" aria-level=\"1\"><span style=\"font-weight: 400; font-size: 17px;\">Colored gloss: for a glossy, glamorous effect, with adjustable pigmentation. It adds shine and intensity.\u00a0<\/span><\/li>\n<\/ul>\n<p><span style=\"font-weight: 400; font-size: 17px;\">You select your natural ingredients, dose the pigments as desired, and pour your preparation into its final container.<\/span><\/p>\n<p>A la fin, vous d\u00e9corez votre \u00e9tui avec des strass d\u00e9coratifs.<\/p>\n<p><span style=\"font-weight: 400; font-size: 17px;\">Let your desires speak for themselves! Reserve your place and choose your lip care product on the day of the workshop.<\/span><\/p>\n<p><a href=\"https:\/\/pro.daisyapp.fr\/personal-reservation?artist=d117878f-b6f9-4c80-a8b2-b7ee6a2eaab1%2F5554358a-5092-4f2a-83ea-0d1634c7604d\">POUR R\u00c9SERVER, RENDEZ VOUS SUR CE LIEN.<\/a><\/p>","protected":false},"excerpt":{"rendered":"<p>\u00a0 D\u00e9couvrez les soins des l\u00e8vres des Ateliers SOA, o\u00f9 vous pourrez cr\u00e9er votre propre soin des l\u00e8vres personnalis\u00e9 : un gloss, un baume \u00e0 l\u00e8vres ou une huile \u00e0 l\u00e8vres teint\u00e9e. Vous serez guid\u00e9e pour cr\u00e9er votre soin des l\u00e8vres personnalis\u00e9. Vous choisirez d\u00e8s le d\u00e9but entre trois possibilit\u00e9s : Un baume \u00e0 l\u00e8vres [&hellip;]<\/p>\n","protected":false},"featured_media":5855,"comment_status":"closed","ping_status":"closed","template":"","meta":{"_acf_changed":false,"inline_featured_image":false},"product_brand":[],"product_cat":[17],"product_tag":[],"class_list":{"0":"post-5730","1":"product","2":"type-product","3":"status-publish","4":"has-post-thumbnail","6":"product_cat-uncategorized","8":"first","9":"instock","10":"taxable","11":"shipping-taxable","12":"product-type-external"},"acf":[],"yoast_head":"<!-- This site is optimized with the Yoast SEO plugin v27.3 - https:\/\/yoast.com\/product\/yoast-seo-wordpress\/ -->\n<title>Atelier baume, gloss ou huile \u00e0 l\u00e8vres teint\u00e9s - LES ATELIERS SOA - Ateliers DIY cosm\u00e9tiques &amp; bien \u00eatre - Paris Ile de France<\/title>\n<meta name=\"robots\" content=\"index, follow, max-snippet:-1, max-image-preview:large, max-video-preview:-1\" \/>\n<link rel=\"canonical\" href=\"https:\/\/www.les-ateliers-soa.fr\/en\/product\/atelier-baume-gloss-et-huile-a-levres-teintes\/\" \/>\n<meta property=\"og:locale\" content=\"en_GB\" \/>\n<meta property=\"og:type\" content=\"article\" \/>\n<meta property=\"og:title\" content=\"Atelier baume, gloss ou huile \u00e0 l\u00e8vres teint\u00e9s - LES ATELIERS SOA - Ateliers DIY cosm\u00e9tiques &amp; bien \u00eatre - Paris Ile de France\" \/>\n<meta property=\"og:description\" content=\"\u00a0 D\u00e9couvrez les soins des l\u00e8vres des Ateliers SOA, o\u00f9 vous pourrez cr\u00e9er votre propre soin des l\u00e8vres personnalis\u00e9 : un gloss, un baume \u00e0 l\u00e8vres ou une huile \u00e0 l\u00e8vres teint\u00e9e. Vous serez guid\u00e9e pour cr\u00e9er votre soin des l\u00e8vres personnalis\u00e9. Vous choisirez d\u00e8s le d\u00e9but entre trois possibilit\u00e9s : Un baume \u00e0 l\u00e8vres [&hellip;]\" \/>\n<meta property=\"og:url\" content=\"https:\/\/www.les-ateliers-soa.fr\/en\/product\/atelier-baume-gloss-et-huile-a-levres-teintes\/\" \/>\n<meta property=\"og:site_name\" content=\"LES ATELIERS SOA - Ateliers DIY cosm\u00e9tiques &amp; bien \u00eatre - Paris Ile de France\" \/>\n<meta property=\"article:modified_time\" content=\"2026-03-25T09:40:11+00:00\" \/>\n<meta property=\"og:image\" content=\"https:\/\/www.les-ateliers-soa.fr\/wp-content\/uploads\/2025\/05\/20250611_163047-scaled.jpg\" \/>\n\t<meta property=\"og:image:width\" content=\"1440\" \/>\n\t<meta property=\"og:image:height\" content=\"2560\" \/>\n\t<meta property=\"og:image:type\" content=\"image\/jpeg\" \/>\n<meta name=\"twitter:card\" content=\"summary_large_image\" \/>\n<meta name=\"twitter:label1\" content=\"Estimated reading time\" \/>\n\t<meta name=\"twitter:data1\" content=\"2 minutes\" \/>\n<script type=\"application\/ld+json\" class=\"yoast-schema-graph\">{\"@context\":\"https:\\\/\\\/schema.org\",\"@graph\":[{\"@type\":\"WebPage\",\"@id\":\"https:\\\/\\\/www.les-ateliers-soa.fr\\\/product\\\/atelier-baume-gloss-et-huile-a-levres-teintes\\\/\",\"url\":\"https:\\\/\\\/www.les-ateliers-soa.fr\\\/product\\\/atelier-baume-gloss-et-huile-a-levres-teintes\\\/\",\"name\":\"Atelier baume, gloss ou huile \u00e0 l\u00e8vres teint\u00e9s - LES ATELIERS SOA - Ateliers DIY cosm\u00e9tiques &amp; bien \u00eatre - Paris Ile de France\",\"isPartOf\":{\"@id\":\"https:\\\/\\\/www.les-ateliers-soa.fr\\\/#website\"},\"primaryImageOfPage\":{\"@id\":\"https:\\\/\\\/www.les-ateliers-soa.fr\\\/product\\\/atelier-baume-gloss-et-huile-a-levres-teintes\\\/#primaryimage\"},\"image\":{\"@id\":\"https:\\\/\\\/www.les-ateliers-soa.fr\\\/product\\\/atelier-baume-gloss-et-huile-a-levres-teintes\\\/#primaryimage\"},\"thumbnailUrl\":\"https:\\\/\\\/www.les-ateliers-soa.fr\\\/wp-content\\\/uploads\\\/2025\\\/05\\\/20250611_163047-scaled.jpg\",\"datePublished\":\"2025-05-20T15:42:46+00:00\",\"dateModified\":\"2026-03-25T09:40:11+00:00\",\"breadcrumb\":{\"@id\":\"https:\\\/\\\/www.les-ateliers-soa.fr\\\/product\\\/atelier-baume-gloss-et-huile-a-levres-teintes\\\/#breadcrumb\"},\"inLanguage\":\"en-GB\",\"potentialAction\":[{\"@type\":\"ReadAction\",\"target\":[\"https:\\\/\\\/www.les-ateliers-soa.fr\\\/product\\\/atelier-baume-gloss-et-huile-a-levres-teintes\\\/\"]}]},{\"@type\":\"ImageObject\",\"inLanguage\":\"en-GB\",\"@id\":\"https:\\\/\\\/www.les-ateliers-soa.fr\\\/product\\\/atelier-baume-gloss-et-huile-a-levres-teintes\\\/#primaryimage\",\"url\":\"https:\\\/\\\/www.les-ateliers-soa.fr\\\/wp-content\\\/uploads\\\/2025\\\/05\\\/20250611_163047-scaled.jpg\",\"contentUrl\":\"https:\\\/\\\/www.les-ateliers-soa.fr\\\/wp-content\\\/uploads\\\/2025\\\/05\\\/20250611_163047-scaled.jpg\",\"width\":1440,\"height\":2560},{\"@type\":\"BreadcrumbList\",\"@id\":\"https:\\\/\\\/www.les-ateliers-soa.fr\\\/product\\\/atelier-baume-gloss-et-huile-a-levres-teintes\\\/#breadcrumb\",\"itemListElement\":[{\"@type\":\"ListItem\",\"position\":1,\"name\":\"Accueil\",\"item\":\"https:\\\/\\\/www.les-ateliers-soa.fr\\\/\"},{\"@type\":\"ListItem\",\"position\":2,\"name\":\"Les ateliers sur inscription\",\"item\":\"https:\\\/\\\/www.les-ateliers-soa.fr\\\/les-ateliers-sur-inscription\\\/\"},{\"@type\":\"ListItem\",\"position\":3,\"name\":\"Atelier baume, gloss ou huile \u00e0 l\u00e8vres teint\u00e9s\"}]},{\"@type\":\"WebSite\",\"@id\":\"https:\\\/\\\/www.les-ateliers-soa.fr\\\/#website\",\"url\":\"https:\\\/\\\/www.les-ateliers-soa.fr\\\/\",\"name\":\"LES ATELIERS SOA - Ateliers DIY cosm\u00e9tiques &amp; bien \u00eatre - Paris Ile de France\",\"description\":\"Ateliers DIY cosm\u00e9tiques &amp; bien \u00eatre - Paris Ile de France\",\"potentialAction\":[{\"@type\":\"SearchAction\",\"target\":{\"@type\":\"EntryPoint\",\"urlTemplate\":\"https:\\\/\\\/www.les-ateliers-soa.fr\\\/?s={search_term_string}\"},\"query-input\":{\"@type\":\"PropertyValueSpecification\",\"valueRequired\":true,\"valueName\":\"search_term_string\"}}],\"inLanguage\":\"en-GB\"}]}<\/script>\n<!-- \/ Yoast SEO plugin. -->","yoast_head_json":{"title":"Atelier baume, gloss ou huile \u00e0 l\u00e8vres teint\u00e9s - LES ATELIERS SOA - Ateliers DIY cosm\u00e9tiques &amp; bien \u00eatre - Paris Ile de France","robots":{"index":"index","follow":"follow","max-snippet":"max-snippet:-1","max-image-preview":"max-image-preview:large","max-video-preview":"max-video-preview:-1"},"canonical":"https:\/\/www.les-ateliers-soa.fr\/en\/product\/atelier-baume-gloss-et-huile-a-levres-teintes\/","og_locale":"en_GB","og_type":"article","og_title":"Atelier baume, gloss ou huile \u00e0 l\u00e8vres teint\u00e9s - LES ATELIERS SOA - Ateliers DIY cosm\u00e9tiques &amp; bien \u00eatre - Paris Ile de France","og_description":"\u00a0 D\u00e9couvrez les soins des l\u00e8vres des Ateliers SOA, o\u00f9 vous pourrez cr\u00e9er votre propre soin des l\u00e8vres personnalis\u00e9 : un gloss, un baume \u00e0 l\u00e8vres ou une huile \u00e0 l\u00e8vres teint\u00e9e. Vous serez guid\u00e9e pour cr\u00e9er votre soin des l\u00e8vres personnalis\u00e9. Vous choisirez d\u00e8s le d\u00e9but entre trois possibilit\u00e9s : Un baume \u00e0 l\u00e8vres [&hellip;]","og_url":"https:\/\/www.les-ateliers-soa.fr\/en\/product\/atelier-baume-gloss-et-huile-a-levres-teintes\/","og_site_name":"LES ATELIERS SOA - Ateliers DIY cosm\u00e9tiques &amp; bien \u00eatre - Paris Ile de France","article_modified_time":"2026-03-25T09:40:11+00:00","og_image":[{"width":1440,"height":2560,"url":"https:\/\/www.les-ateliers-soa.fr\/wp-content\/uploads\/2025\/05\/20250611_163047-scaled.jpg","type":"image\/jpeg"}],"twitter_card":"summary_large_image","twitter_misc":{"Estimated reading time":"2 minutes"},"schema":{"@context":"https:\/\/schema.org","@graph":[{"@type":"WebPage","@id":"https:\/\/www.les-ateliers-soa.fr\/product\/atelier-baume-gloss-et-huile-a-levres-teintes\/","url":"https:\/\/www.les-ateliers-soa.fr\/product\/atelier-baume-gloss-et-huile-a-levres-teintes\/","name":"Atelier baume, gloss ou huile \u00e0 l\u00e8vres teint\u00e9s - LES ATELIERS SOA - Ateliers DIY cosm\u00e9tiques &amp; bien \u00eatre - Paris Ile de France","isPartOf":{"@id":"https:\/\/www.les-ateliers-soa.fr\/#website"},"primaryImageOfPage":{"@id":"https:\/\/www.les-ateliers-soa.fr\/product\/atelier-baume-gloss-et-huile-a-levres-teintes\/#primaryimage"},"image":{"@id":"https:\/\/www.les-ateliers-soa.fr\/product\/atelier-baume-gloss-et-huile-a-levres-teintes\/#primaryimage"},"thumbnailUrl":"https:\/\/www.les-ateliers-soa.fr\/wp-content\/uploads\/2025\/05\/20250611_163047-scaled.jpg","datePublished":"2025-05-20T15:42:46+00:00","dateModified":"2026-03-25T09:40:11+00:00","breadcrumb":{"@id":"https:\/\/www.les-ateliers-soa.fr\/product\/atelier-baume-gloss-et-huile-a-levres-teintes\/#breadcrumb"},"inLanguage":"en-GB","potentialAction":[{"@type":"ReadAction","target":["https:\/\/www.les-ateliers-soa.fr\/product\/atelier-baume-gloss-et-huile-a-levres-teintes\/"]}]},{"@type":"ImageObject","inLanguage":"en-GB","@id":"https:\/\/www.les-ateliers-soa.fr\/product\/atelier-baume-gloss-et-huile-a-levres-teintes\/#primaryimage","url":"https:\/\/www.les-ateliers-soa.fr\/wp-content\/uploads\/2025\/05\/20250611_163047-scaled.jpg","contentUrl":"https:\/\/www.les-ateliers-soa.fr\/wp-content\/uploads\/2025\/05\/20250611_163047-scaled.jpg","width":1440,"height":2560},{"@type":"BreadcrumbList","@id":"https:\/\/www.les-ateliers-soa.fr\/product\/atelier-baume-gloss-et-huile-a-levres-teintes\/#breadcrumb","itemListElement":[{"@type":"ListItem","position":1,"name":"Accueil","item":"https:\/\/www.les-ateliers-soa.fr\/"},{"@type":"ListItem","position":2,"name":"Les ateliers sur inscription","item":"https:\/\/www.les-ateliers-soa.fr\/les-ateliers-sur-inscription\/"},{"@type":"ListItem","position":3,"name":"Atelier baume, gloss ou huile \u00e0 l\u00e8vres teint\u00e9s"}]},{"@type":"WebSite","@id":"https:\/\/www.les-ateliers-soa.fr\/#website","url":"https:\/\/www.les-ateliers-soa.fr\/","name":"LES ATELIERS SOA - Ateliers DIY cosm\u00e9tiques &amp; bien \u00eatre - Paris Ile de France","description":"Ateliers DIY cosm\u00e9tiques &amp; bien \u00eatre - Paris Ile de France","potentialAction":[{"@type":"SearchAction","target":{"@type":"EntryPoint","urlTemplate":"https:\/\/www.les-ateliers-soa.fr\/?s={search_term_string}"},"query-input":{"@type":"PropertyValueSpecification","valueRequired":true,"valueName":"search_term_string"}}],"inLanguage":"en-GB"}]}},"_links":{"self":[{"href":"https:\/\/www.les-ateliers-soa.fr\/en\/wp-json\/wp\/v2\/product\/5730","targetHints":{"allow":["GET"]}}],"collection":[{"href":"https:\/\/www.les-ateliers-soa.fr\/en\/wp-json\/wp\/v2\/product"}],"about":[{"href":"https:\/\/www.les-ateliers-soa.fr\/en\/wp-json\/wp\/v2\/types\/product"}],"replies":[{"embeddable":true,"href":"https:\/\/www.les-ateliers-soa.fr\/en\/wp-json\/wp\/v2\/comments?post=5730"}],"wp:featuredmedia":[{"embeddable":true,"href":"https:\/\/www.les-ateliers-soa.fr\/en\/wp-json\/wp\/v2\/media\/5855"}],"wp:attachment":[{"href":"https:\/\/www.les-ateliers-soa.fr\/en\/wp-json\/wp\/v2\/media?parent=5730"}],"wp:term":[{"taxonomy":"product_brand","embeddable":true,"href":"https:\/\/www.les-ateliers-soa.fr\/en\/wp-json\/wp\/v2\/product_brand?post=5730"},{"taxonomy":"product_cat","embeddable":true,"href":"https:\/\/www.les-ateliers-soa.fr\/en\/wp-json\/wp\/v2\/product_cat?post=5730"},{"taxonomy":"product_tag","embeddable":true,"href":"https:\/\/www.les-ateliers-soa.fr\/en\/wp-json\/wp\/v2\/product_tag?post=5730"}],"curies":[{"name":"wp","href":"https:\/\/api.w.org\/{rel}","templated":true}]}}