{"id":6166,"date":"2025-10-12T23:59:01","date_gmt":"2025-10-12T21:59:01","guid":{"rendered":"https:\/\/www.les-ateliers-soa.fr\/?post_type=product&#038;p=6166"},"modified":"2026-01-07T10:23:35","modified_gmt":"2026-01-07T09:23:35","slug":"ateliers-parfum","status":"publish","type":"product","link":"https:\/\/www.les-ateliers-soa.fr\/en\/product\/ateliers-parfum\/","title":{"rendered":"Cr\u00e9ez votre parfum sur mesure"},"content":{"rendered":"<div class=\"page\" title=\"Page 1\">\n<div class=\"section\">\n<div class=\"layoutArea\">\n<div class=\"column\">\n<p>\u00c9veillez vos sens lors d\u2019un atelier parfum unique anim\u00e9 par Luana &#8211; Il vento e la luna ou Nathalie.<\/p>\n<p>Pendant 2h30, laissez-vous porter par un voyage sensoriel au c\u0153ur de l\u2019univers subtil et po\u00e9tique de la parfumerie artisanale. Luana vous invite \u00e0 d\u00e9couvrir les mati\u00e8res premi\u00e8res embl\u00e9matiques, leurs origines, leurs caract\u00e8res et les secrets de leur harmonie.<\/p>\n<p>Apr\u00e8s cette immersion olfactive, place \u00e0 la cr\u00e9ation. Vous choisirez la famille olfactive qui vous inspire et composerez votre propre fragrance, reflet de votre personnalit\u00e9 et de vos \u00e9motions. Luana vous accompagnera pas \u00e0 pas, avec sensibilit\u00e9 et expertise, pour vous aider \u00e0 fa\u00e7onner votre signature olfactive unique.<\/p>\n<p>\u00c0 l\u2019issue de l\u2019atelier, vous repartirez avec votre parfum personnalis\u00e9 dans un flacon de 30 ml.<\/p>\n<p>Une exp\u00e9rience cr\u00e9ative, intime et sensorielle, o\u00f9 le vent et la lune deviennent source d\u2019inspiration \u2728<\/p>\n<p>Et parce que nous aimons vous accueillir dans les meilleures conditions, nos ateliers se d\u00e9roulent en petit comit\u00e9 : les places sont donc limit\u00e9es. Nous vous rappelons \u00e9galement que chaque accompagnant doit r\u00e9server sa place pour pouvoir participer ou \u00eatre pr\u00e9sent dans l\u2019atelier.<\/p>\n<h3>\u2b95Pour r\u00e9server, <a href=\"https:\/\/pro.daisyapp.fr\/personal-reservation?artist=d117878f-b6f9-4c80-a8b2-b7ee6a2eaab1%2F5554358a-5092-4f2a-83ea-0d1634c7604d\">rendez vous sur ce lien<\/a>.<\/h3>\n<\/div>\n<\/div>\n<\/div>\n<\/div>","protected":false},"excerpt":{"rendered":"<p>\u00c9veillez vos sens lors d\u2019un atelier parfum unique anim\u00e9 par Luana &#8211; Il vento e la luna ou Nathalie. Pendant 2h30, laissez-vous porter par un voyage sensoriel au c\u0153ur de l\u2019univers subtil et po\u00e9tique de la parfumerie artisanale. Luana vous invite \u00e0 d\u00e9couvrir les mati\u00e8res premi\u00e8res embl\u00e9matiques, leurs origines, leurs caract\u00e8res et les secrets de [&hellip;]<\/p>\n","protected":false},"featured_media":3222,"comment_status":"open","ping_status":"closed","template":"","meta":{"_acf_changed":false,"inline_featured_image":false},"product_brand":[],"product_cat":[23],"product_tag":[],"class_list":{"0":"post-6166","1":"product","2":"type-product","3":"status-publish","4":"has-post-thumbnail","6":"product_cat-ateliers","8":"first","9":"instock","10":"taxable","11":"shipping-taxable","12":"product-type-external"},"acf":[],"yoast_head":"<!-- This site is optimized with the Yoast SEO plugin v27.3 - https:\/\/yoast.com\/product\/yoast-seo-wordpress\/ -->\n<title>Cr\u00e9ez votre parfum sur mesure - LES ATELIERS SOA - Ateliers DIY cosm\u00e9tiques &amp; bien \u00eatre - Paris Ile de France<\/title>\n<meta name=\"description\" content=\"Lors de cet atelier \u00e0 Paris, apprenez a\u0300 formuler trois se\u0301rums cible\u0301s gra\u0302ce a\u0300 des actifs efficaces comme les niacinamides, zinc, acide salicylique,\" \/>\n<meta name=\"robots\" content=\"index, follow, max-snippet:-1, max-image-preview:large, max-video-preview:-1\" \/>\n<link rel=\"canonical\" href=\"https:\/\/www.les-ateliers-soa.fr\/en\/product\/ateliers-parfum\/\" \/>\n<meta property=\"og:locale\" content=\"en_GB\" \/>\n<meta property=\"og:type\" content=\"article\" \/>\n<meta property=\"og:title\" content=\"Cr\u00e9ez votre parfum sur mesure - LES ATELIERS SOA - Ateliers DIY cosm\u00e9tiques &amp; bien \u00eatre - Paris Ile de France\" \/>\n<meta property=\"og:description\" content=\"Lors de cet atelier \u00e0 Paris, apprenez a\u0300 formuler trois se\u0301rums cible\u0301s gra\u0302ce a\u0300 des actifs efficaces comme les niacinamides, zinc, acide salicylique,\" \/>\n<meta property=\"og:url\" content=\"https:\/\/www.les-ateliers-soa.fr\/en\/product\/ateliers-parfum\/\" \/>\n<meta property=\"og:site_name\" content=\"LES ATELIERS SOA - Ateliers DIY cosm\u00e9tiques &amp; bien \u00eatre - Paris Ile de France\" \/>\n<meta property=\"article:modified_time\" content=\"2026-01-07T09:23:35+00:00\" \/>\n<meta property=\"og:image\" content=\"https:\/\/www.les-ateliers-soa.fr\/wp-content\/uploads\/2024\/10\/IMG_8003-scaled-e1729245151301.jpeg\" \/>\n\t<meta property=\"og:image:width\" content=\"1702\" \/>\n\t<meta property=\"og:image:height\" content=\"1100\" \/>\n\t<meta property=\"og:image:type\" content=\"image\/jpeg\" \/>\n<meta name=\"twitter:card\" content=\"summary_large_image\" \/>\n<meta name=\"twitter:label1\" content=\"Estimated reading time\" \/>\n\t<meta name=\"twitter:data1\" content=\"2 minutes\" \/>\n<script type=\"application\/ld+json\" class=\"yoast-schema-graph\">{\"@context\":\"https:\\\/\\\/schema.org\",\"@graph\":[{\"@type\":\"WebPage\",\"@id\":\"https:\\\/\\\/www.les-ateliers-soa.fr\\\/product\\\/ateliers-parfum\\\/\",\"url\":\"https:\\\/\\\/www.les-ateliers-soa.fr\\\/product\\\/ateliers-parfum\\\/\",\"name\":\"Cr\u00e9ez votre parfum sur mesure - LES ATELIERS SOA - Ateliers DIY cosm\u00e9tiques &amp; bien \u00eatre - Paris Ile de France\",\"isPartOf\":{\"@id\":\"https:\\\/\\\/www.les-ateliers-soa.fr\\\/#website\"},\"primaryImageOfPage\":{\"@id\":\"https:\\\/\\\/www.les-ateliers-soa.fr\\\/product\\\/ateliers-parfum\\\/#primaryimage\"},\"image\":{\"@id\":\"https:\\\/\\\/www.les-ateliers-soa.fr\\\/product\\\/ateliers-parfum\\\/#primaryimage\"},\"thumbnailUrl\":\"https:\\\/\\\/www.les-ateliers-soa.fr\\\/wp-content\\\/uploads\\\/2024\\\/10\\\/IMG_8003-scaled-e1729245151301.jpeg\",\"datePublished\":\"2025-10-12T21:59:01+00:00\",\"dateModified\":\"2026-01-07T09:23:35+00:00\",\"description\":\"Lors de cet atelier \u00e0 Paris, apprenez a\u0300 formuler trois se\u0301rums cible\u0301s gra\u0302ce a\u0300 des actifs efficaces comme les niacinamides, zinc, acide salicylique,\",\"breadcrumb\":{\"@id\":\"https:\\\/\\\/www.les-ateliers-soa.fr\\\/product\\\/ateliers-parfum\\\/#breadcrumb\"},\"inLanguage\":\"en-GB\",\"potentialAction\":[{\"@type\":\"ReadAction\",\"target\":[\"https:\\\/\\\/www.les-ateliers-soa.fr\\\/product\\\/ateliers-parfum\\\/\"]}]},{\"@type\":\"ImageObject\",\"inLanguage\":\"en-GB\",\"@id\":\"https:\\\/\\\/www.les-ateliers-soa.fr\\\/product\\\/ateliers-parfum\\\/#primaryimage\",\"url\":\"https:\\\/\\\/www.les-ateliers-soa.fr\\\/wp-content\\\/uploads\\\/2024\\\/10\\\/IMG_8003-scaled-e1729245151301.jpeg\",\"contentUrl\":\"https:\\\/\\\/www.les-ateliers-soa.fr\\\/wp-content\\\/uploads\\\/2024\\\/10\\\/IMG_8003-scaled-e1729245151301.jpeg\",\"width\":1702,\"height\":1100},{\"@type\":\"BreadcrumbList\",\"@id\":\"https:\\\/\\\/www.les-ateliers-soa.fr\\\/product\\\/ateliers-parfum\\\/#breadcrumb\",\"itemListElement\":[{\"@type\":\"ListItem\",\"position\":1,\"name\":\"Accueil\",\"item\":\"https:\\\/\\\/www.les-ateliers-soa.fr\\\/\"},{\"@type\":\"ListItem\",\"position\":2,\"name\":\"Les ateliers sur inscription\",\"item\":\"https:\\\/\\\/www.les-ateliers-soa.fr\\\/les-ateliers-sur-inscription\\\/\"},{\"@type\":\"ListItem\",\"position\":3,\"name\":\"Cr\u00e9ez votre parfum sur mesure\"}]},{\"@type\":\"WebSite\",\"@id\":\"https:\\\/\\\/www.les-ateliers-soa.fr\\\/#website\",\"url\":\"https:\\\/\\\/www.les-ateliers-soa.fr\\\/\",\"name\":\"LES ATELIERS SOA - Ateliers DIY cosm\u00e9tiques &amp; bien \u00eatre - Paris Ile de France\",\"description\":\"Ateliers DIY cosm\u00e9tiques &amp; bien \u00eatre - Paris Ile de France\",\"potentialAction\":[{\"@type\":\"SearchAction\",\"target\":{\"@type\":\"EntryPoint\",\"urlTemplate\":\"https:\\\/\\\/www.les-ateliers-soa.fr\\\/?s={search_term_string}\"},\"query-input\":{\"@type\":\"PropertyValueSpecification\",\"valueRequired\":true,\"valueName\":\"search_term_string\"}}],\"inLanguage\":\"en-GB\"}]}<\/script>\n<!-- \/ Yoast SEO plugin. -->","yoast_head_json":{"title":"Cr\u00e9ez votre parfum sur mesure - LES ATELIERS SOA - Ateliers DIY cosm\u00e9tiques &amp; bien \u00eatre - Paris Ile de France","description":"Lors de cet atelier \u00e0 Paris, apprenez a\u0300 formuler trois se\u0301rums cible\u0301s gra\u0302ce a\u0300 des actifs efficaces comme les niacinamides, zinc, acide salicylique,","robots":{"index":"index","follow":"follow","max-snippet":"max-snippet:-1","max-image-preview":"max-image-preview:large","max-video-preview":"max-video-preview:-1"},"canonical":"https:\/\/www.les-ateliers-soa.fr\/en\/product\/ateliers-parfum\/","og_locale":"en_GB","og_type":"article","og_title":"Cr\u00e9ez votre parfum sur mesure - LES ATELIERS SOA - Ateliers DIY cosm\u00e9tiques &amp; bien \u00eatre - Paris Ile de France","og_description":"Lors de cet atelier \u00e0 Paris, apprenez a\u0300 formuler trois se\u0301rums cible\u0301s gra\u0302ce a\u0300 des actifs efficaces comme les niacinamides, zinc, acide salicylique,","og_url":"https:\/\/www.les-ateliers-soa.fr\/en\/product\/ateliers-parfum\/","og_site_name":"LES ATELIERS SOA - Ateliers DIY cosm\u00e9tiques &amp; bien \u00eatre - Paris Ile de France","article_modified_time":"2026-01-07T09:23:35+00:00","og_image":[{"width":1702,"height":1100,"url":"https:\/\/www.les-ateliers-soa.fr\/wp-content\/uploads\/2024\/10\/IMG_8003-scaled-e1729245151301.jpeg","type":"image\/jpeg"}],"twitter_card":"summary_large_image","twitter_misc":{"Estimated reading time":"2 minutes"},"schema":{"@context":"https:\/\/schema.org","@graph":[{"@type":"WebPage","@id":"https:\/\/www.les-ateliers-soa.fr\/product\/ateliers-parfum\/","url":"https:\/\/www.les-ateliers-soa.fr\/product\/ateliers-parfum\/","name":"Cr\u00e9ez votre parfum sur mesure - LES ATELIERS SOA - Ateliers DIY cosm\u00e9tiques &amp; bien \u00eatre - Paris Ile de France","isPartOf":{"@id":"https:\/\/www.les-ateliers-soa.fr\/#website"},"primaryImageOfPage":{"@id":"https:\/\/www.les-ateliers-soa.fr\/product\/ateliers-parfum\/#primaryimage"},"image":{"@id":"https:\/\/www.les-ateliers-soa.fr\/product\/ateliers-parfum\/#primaryimage"},"thumbnailUrl":"https:\/\/www.les-ateliers-soa.fr\/wp-content\/uploads\/2024\/10\/IMG_8003-scaled-e1729245151301.jpeg","datePublished":"2025-10-12T21:59:01+00:00","dateModified":"2026-01-07T09:23:35+00:00","description":"Lors de cet atelier \u00e0 Paris, apprenez a\u0300 formuler trois se\u0301rums cible\u0301s gra\u0302ce a\u0300 des actifs efficaces comme les niacinamides, zinc, acide salicylique,","breadcrumb":{"@id":"https:\/\/www.les-ateliers-soa.fr\/product\/ateliers-parfum\/#breadcrumb"},"inLanguage":"en-GB","potentialAction":[{"@type":"ReadAction","target":["https:\/\/www.les-ateliers-soa.fr\/product\/ateliers-parfum\/"]}]},{"@type":"ImageObject","inLanguage":"en-GB","@id":"https:\/\/www.les-ateliers-soa.fr\/product\/ateliers-parfum\/#primaryimage","url":"https:\/\/www.les-ateliers-soa.fr\/wp-content\/uploads\/2024\/10\/IMG_8003-scaled-e1729245151301.jpeg","contentUrl":"https:\/\/www.les-ateliers-soa.fr\/wp-content\/uploads\/2024\/10\/IMG_8003-scaled-e1729245151301.jpeg","width":1702,"height":1100},{"@type":"BreadcrumbList","@id":"https:\/\/www.les-ateliers-soa.fr\/product\/ateliers-parfum\/#breadcrumb","itemListElement":[{"@type":"ListItem","position":1,"name":"Accueil","item":"https:\/\/www.les-ateliers-soa.fr\/"},{"@type":"ListItem","position":2,"name":"Les ateliers sur inscription","item":"https:\/\/www.les-ateliers-soa.fr\/les-ateliers-sur-inscription\/"},{"@type":"ListItem","position":3,"name":"Cr\u00e9ez votre parfum sur mesure"}]},{"@type":"WebSite","@id":"https:\/\/www.les-ateliers-soa.fr\/#website","url":"https:\/\/www.les-ateliers-soa.fr\/","name":"LES ATELIERS SOA - Ateliers DIY cosm\u00e9tiques &amp; bien \u00eatre - Paris Ile de France","description":"Ateliers DIY cosm\u00e9tiques &amp; bien \u00eatre - Paris Ile de France","potentialAction":[{"@type":"SearchAction","target":{"@type":"EntryPoint","urlTemplate":"https:\/\/www.les-ateliers-soa.fr\/?s={search_term_string}"},"query-input":{"@type":"PropertyValueSpecification","valueRequired":true,"valueName":"search_term_string"}}],"inLanguage":"en-GB"}]}},"_links":{"self":[{"href":"https:\/\/www.les-ateliers-soa.fr\/en\/wp-json\/wp\/v2\/product\/6166","targetHints":{"allow":["GET"]}}],"collection":[{"href":"https:\/\/www.les-ateliers-soa.fr\/en\/wp-json\/wp\/v2\/product"}],"about":[{"href":"https:\/\/www.les-ateliers-soa.fr\/en\/wp-json\/wp\/v2\/types\/product"}],"replies":[{"embeddable":true,"href":"https:\/\/www.les-ateliers-soa.fr\/en\/wp-json\/wp\/v2\/comments?post=6166"}],"wp:featuredmedia":[{"embeddable":true,"href":"https:\/\/www.les-ateliers-soa.fr\/en\/wp-json\/wp\/v2\/media\/3222"}],"wp:attachment":[{"href":"https:\/\/www.les-ateliers-soa.fr\/en\/wp-json\/wp\/v2\/media?parent=6166"}],"wp:term":[{"taxonomy":"product_brand","embeddable":true,"href":"https:\/\/www.les-ateliers-soa.fr\/en\/wp-json\/wp\/v2\/product_brand?post=6166"},{"taxonomy":"product_cat","embeddable":true,"href":"https:\/\/www.les-ateliers-soa.fr\/en\/wp-json\/wp\/v2\/product_cat?post=6166"},{"taxonomy":"product_tag","embeddable":true,"href":"https:\/\/www.les-ateliers-soa.fr\/en\/wp-json\/wp\/v2\/product_tag?post=6166"}],"curies":[{"name":"wp","href":"https:\/\/api.w.org\/{rel}","templated":true}]}}