{"id":720,"date":"2022-11-30T11:55:20","date_gmt":"2022-11-30T10:55:20","guid":{"rendered":"https:\/\/www.les-ateliers-soa.fr\/?post_type=product&#038;p=720"},"modified":"2026-01-06T15:48:06","modified_gmt":"2026-01-06T14:48:06","slug":"atelier-les-essentielles-maquillage","status":"publish","type":"product","link":"https:\/\/www.les-ateliers-soa.fr\/en\/product\/atelier-les-essentielles-maquillage\/","title":{"rendered":"Make-up Essentials Workshop"},"content":{"rendered":"<p>Open the doors to our private workshop <strong>\" the essential make-up kit\"<\/strong> et r\u00e9alisez votre routine maquillage personnalis\u00e9 !<br \/>\nOn the program, you'll create three must-haves: <strong>mascara, tinted lip oil and concealer<\/strong>perfectly matched to your skin tone, skin type and mood.<\/p>\n<p>You'll have access to a wide selection of natural pigments to find the perfect shades.<\/p>\n<p>Our cosmetics expert will guide you in choosing the right colors to enhance your skin. Using natural and vegan ingredients, you'll make your own homemade cosmetics.<\/p>\n<p>&nbsp;<\/p>\n<p>For all <a href=\"https:\/\/evjf.org\/cest-quoi-un-evjf\/\">bachelorette party<\/a>birthday parties, team building or seminars in Paris, <a href=\"https:\/\/www.les-ateliers-soa.fr\/en\/restons-en-contact\/\">contact us<\/a> : hello@les-ateliers-soa.fr<\/p>\n<p>&nbsp;<\/p>\n<h3>\u2b95Pour r\u00e9server, <a href=\"https:\/\/pro.daisyapp.fr\/personal-reservation?artist=d117878f-b6f9-4c80-a8b2-b7ee6a2eaab1%2F5554358a-5092-4f2a-83ea-0d1634c7604d\">rendez vous ce lien<\/a>.<\/h3>","protected":false},"excerpt":{"rendered":"<p>Poussez les portes de notre atelier priv\u00e9 \u00ab\u00a0Le trio essentiel maquillage\u00a0\u00bb et r\u00e9alisez votre routine maquillage personnalis\u00e9 ! Au programme, vous cr\u00e9erez trois indispensables : un mascara, une huile \u00e0 l\u00e8vres teint\u00e9e et un anti-cernes, parfaitement adapt\u00e9s \u00e0 votre carnation, \u00e0 votre type de peau et \u00e0 vos envies du moment. Vous aurez acc\u00e8s \u00e0 [&hellip;]<\/p>\n","protected":false},"featured_media":372,"comment_status":"open","ping_status":"closed","template":"","meta":{"_acf_changed":false,"inline_featured_image":false},"product_brand":[],"product_cat":[23],"product_tag":[],"class_list":{"0":"post-720","1":"product","2":"type-product","3":"status-publish","4":"has-post-thumbnail","6":"product_cat-ateliers","8":"first","9":"instock","10":"taxable","11":"shipping-taxable","12":"product-type-external"},"acf":[],"yoast_head":"<!-- This site is optimized with the Yoast SEO plugin v27.3 - https:\/\/yoast.com\/product\/yoast-seo-wordpress\/ -->\n<title>Atelier Set Essentiels Maquillage - LES ATELIERS SOA - Ateliers DIY cosm\u00e9tiques &amp; bien \u00eatre - Paris Ile de France<\/title>\n<meta name=\"description\" content=\"Poussez les portes de notre atelier &quot;Le trio essentiels maquillage&quot; priv\u00e9 et r\u00e9alisez votre routine maquillage du quotidien. Vous serez amen\u00e9s\" \/>\n<meta name=\"robots\" content=\"index, follow, max-snippet:-1, max-image-preview:large, max-video-preview:-1\" \/>\n<link rel=\"canonical\" href=\"https:\/\/www.les-ateliers-soa.fr\/en\/product\/atelier-les-essentielles-maquillage\/\" \/>\n<meta property=\"og:locale\" content=\"en_GB\" \/>\n<meta property=\"og:type\" content=\"article\" \/>\n<meta property=\"og:title\" content=\"Atelier Set Essentiels Maquillage - LES ATELIERS SOA - Ateliers DIY cosm\u00e9tiques &amp; bien \u00eatre - Paris Ile de France\" \/>\n<meta property=\"og:description\" content=\"Poussez les portes de notre atelier &quot;Le trio essentiels maquillage&quot; priv\u00e9 et r\u00e9alisez votre routine maquillage du quotidien. Vous serez amen\u00e9s\" \/>\n<meta property=\"og:url\" content=\"https:\/\/www.les-ateliers-soa.fr\/en\/product\/atelier-les-essentielles-maquillage\/\" \/>\n<meta property=\"og:site_name\" content=\"LES ATELIERS SOA - Ateliers DIY cosm\u00e9tiques &amp; bien \u00eatre - Paris Ile de France\" \/>\n<meta property=\"article:modified_time\" content=\"2026-01-06T14:48:06+00:00\" \/>\n<meta property=\"og:image\" content=\"https:\/\/www.les-ateliers-soa.fr\/wp-content\/uploads\/2022\/09\/Rectangle-52.png\" \/>\n\t<meta property=\"og:image:width\" content=\"299\" \/>\n\t<meta property=\"og:image:height\" content=\"325\" \/>\n\t<meta property=\"og:image:type\" content=\"image\/png\" \/>\n<meta name=\"twitter:card\" content=\"summary_large_image\" \/>\n<meta name=\"twitter:label1\" content=\"Estimated reading time\" \/>\n\t<meta name=\"twitter:data1\" content=\"1 minute\" \/>\n<script type=\"application\/ld+json\" class=\"yoast-schema-graph\">{\"@context\":\"https:\\\/\\\/schema.org\",\"@graph\":[{\"@type\":\"WebPage\",\"@id\":\"https:\\\/\\\/www.les-ateliers-soa.fr\\\/product\\\/atelier-les-essentielles-maquillage\\\/\",\"url\":\"https:\\\/\\\/www.les-ateliers-soa.fr\\\/product\\\/atelier-les-essentielles-maquillage\\\/\",\"name\":\"Atelier Set Essentiels Maquillage - LES ATELIERS SOA - Ateliers DIY cosm\u00e9tiques &amp; bien \u00eatre - Paris Ile de France\",\"isPartOf\":{\"@id\":\"https:\\\/\\\/www.les-ateliers-soa.fr\\\/#website\"},\"primaryImageOfPage\":{\"@id\":\"https:\\\/\\\/www.les-ateliers-soa.fr\\\/product\\\/atelier-les-essentielles-maquillage\\\/#primaryimage\"},\"image\":{\"@id\":\"https:\\\/\\\/www.les-ateliers-soa.fr\\\/product\\\/atelier-les-essentielles-maquillage\\\/#primaryimage\"},\"thumbnailUrl\":\"https:\\\/\\\/www.les-ateliers-soa.fr\\\/wp-content\\\/uploads\\\/2022\\\/09\\\/Rectangle-52.png\",\"datePublished\":\"2022-11-30T10:55:20+00:00\",\"dateModified\":\"2026-01-06T14:48:06+00:00\",\"description\":\"Poussez les portes de notre atelier \\\"Le trio essentiels maquillage\\\" priv\u00e9 et r\u00e9alisez votre routine maquillage du quotidien. Vous serez amen\u00e9s\",\"breadcrumb\":{\"@id\":\"https:\\\/\\\/www.les-ateliers-soa.fr\\\/product\\\/atelier-les-essentielles-maquillage\\\/#breadcrumb\"},\"inLanguage\":\"en-GB\",\"potentialAction\":[{\"@type\":\"ReadAction\",\"target\":[\"https:\\\/\\\/www.les-ateliers-soa.fr\\\/product\\\/atelier-les-essentielles-maquillage\\\/\"]}]},{\"@type\":\"ImageObject\",\"inLanguage\":\"en-GB\",\"@id\":\"https:\\\/\\\/www.les-ateliers-soa.fr\\\/product\\\/atelier-les-essentielles-maquillage\\\/#primaryimage\",\"url\":\"https:\\\/\\\/www.les-ateliers-soa.fr\\\/wp-content\\\/uploads\\\/2022\\\/09\\\/Rectangle-52.png\",\"contentUrl\":\"https:\\\/\\\/www.les-ateliers-soa.fr\\\/wp-content\\\/uploads\\\/2022\\\/09\\\/Rectangle-52.png\",\"width\":299,\"height\":325,\"caption\":\"atelier le trio\"},{\"@type\":\"BreadcrumbList\",\"@id\":\"https:\\\/\\\/www.les-ateliers-soa.fr\\\/product\\\/atelier-les-essentielles-maquillage\\\/#breadcrumb\",\"itemListElement\":[{\"@type\":\"ListItem\",\"position\":1,\"name\":\"Accueil\",\"item\":\"https:\\\/\\\/www.les-ateliers-soa.fr\\\/\"},{\"@type\":\"ListItem\",\"position\":2,\"name\":\"Les ateliers sur inscription\",\"item\":\"https:\\\/\\\/www.les-ateliers-soa.fr\\\/les-ateliers-sur-inscription\\\/\"},{\"@type\":\"ListItem\",\"position\":3,\"name\":\"Atelier Set Essentiels Maquillage\"}]},{\"@type\":\"WebSite\",\"@id\":\"https:\\\/\\\/www.les-ateliers-soa.fr\\\/#website\",\"url\":\"https:\\\/\\\/www.les-ateliers-soa.fr\\\/\",\"name\":\"LES ATELIERS SOA - Ateliers DIY cosm\u00e9tiques &amp; bien \u00eatre - Paris Ile de France\",\"description\":\"Ateliers DIY cosm\u00e9tiques &amp; bien \u00eatre - Paris Ile de France\",\"potentialAction\":[{\"@type\":\"SearchAction\",\"target\":{\"@type\":\"EntryPoint\",\"urlTemplate\":\"https:\\\/\\\/www.les-ateliers-soa.fr\\\/?s={search_term_string}\"},\"query-input\":{\"@type\":\"PropertyValueSpecification\",\"valueRequired\":true,\"valueName\":\"search_term_string\"}}],\"inLanguage\":\"en-GB\"}]}<\/script>\n<!-- \/ Yoast SEO plugin. -->","yoast_head_json":{"title":"Atelier Set Essentiels Maquillage - LES ATELIERS SOA - Ateliers DIY cosm\u00e9tiques &amp; bien \u00eatre - Paris Ile de France","description":"Poussez les portes de notre atelier \"Le trio essentiels maquillage\" priv\u00e9 et r\u00e9alisez votre routine maquillage du quotidien. Vous serez amen\u00e9s","robots":{"index":"index","follow":"follow","max-snippet":"max-snippet:-1","max-image-preview":"max-image-preview:large","max-video-preview":"max-video-preview:-1"},"canonical":"https:\/\/www.les-ateliers-soa.fr\/en\/product\/atelier-les-essentielles-maquillage\/","og_locale":"en_GB","og_type":"article","og_title":"Atelier Set Essentiels Maquillage - LES ATELIERS SOA - Ateliers DIY cosm\u00e9tiques &amp; bien \u00eatre - Paris Ile de France","og_description":"Poussez les portes de notre atelier \"Le trio essentiels maquillage\" priv\u00e9 et r\u00e9alisez votre routine maquillage du quotidien. Vous serez amen\u00e9s","og_url":"https:\/\/www.les-ateliers-soa.fr\/en\/product\/atelier-les-essentielles-maquillage\/","og_site_name":"LES ATELIERS SOA - Ateliers DIY cosm\u00e9tiques &amp; bien \u00eatre - Paris Ile de France","article_modified_time":"2026-01-06T14:48:06+00:00","og_image":[{"width":299,"height":325,"url":"https:\/\/www.les-ateliers-soa.fr\/wp-content\/uploads\/2022\/09\/Rectangle-52.png","type":"image\/png"}],"twitter_card":"summary_large_image","twitter_misc":{"Estimated reading time":"1 minute"},"schema":{"@context":"https:\/\/schema.org","@graph":[{"@type":"WebPage","@id":"https:\/\/www.les-ateliers-soa.fr\/product\/atelier-les-essentielles-maquillage\/","url":"https:\/\/www.les-ateliers-soa.fr\/product\/atelier-les-essentielles-maquillage\/","name":"Atelier Set Essentiels Maquillage - LES ATELIERS SOA - Ateliers DIY cosm\u00e9tiques &amp; bien \u00eatre - Paris Ile de France","isPartOf":{"@id":"https:\/\/www.les-ateliers-soa.fr\/#website"},"primaryImageOfPage":{"@id":"https:\/\/www.les-ateliers-soa.fr\/product\/atelier-les-essentielles-maquillage\/#primaryimage"},"image":{"@id":"https:\/\/www.les-ateliers-soa.fr\/product\/atelier-les-essentielles-maquillage\/#primaryimage"},"thumbnailUrl":"https:\/\/www.les-ateliers-soa.fr\/wp-content\/uploads\/2022\/09\/Rectangle-52.png","datePublished":"2022-11-30T10:55:20+00:00","dateModified":"2026-01-06T14:48:06+00:00","description":"Poussez les portes de notre atelier \"Le trio essentiels maquillage\" priv\u00e9 et r\u00e9alisez votre routine maquillage du quotidien. Vous serez amen\u00e9s","breadcrumb":{"@id":"https:\/\/www.les-ateliers-soa.fr\/product\/atelier-les-essentielles-maquillage\/#breadcrumb"},"inLanguage":"en-GB","potentialAction":[{"@type":"ReadAction","target":["https:\/\/www.les-ateliers-soa.fr\/product\/atelier-les-essentielles-maquillage\/"]}]},{"@type":"ImageObject","inLanguage":"en-GB","@id":"https:\/\/www.les-ateliers-soa.fr\/product\/atelier-les-essentielles-maquillage\/#primaryimage","url":"https:\/\/www.les-ateliers-soa.fr\/wp-content\/uploads\/2022\/09\/Rectangle-52.png","contentUrl":"https:\/\/www.les-ateliers-soa.fr\/wp-content\/uploads\/2022\/09\/Rectangle-52.png","width":299,"height":325,"caption":"atelier le trio"},{"@type":"BreadcrumbList","@id":"https:\/\/www.les-ateliers-soa.fr\/product\/atelier-les-essentielles-maquillage\/#breadcrumb","itemListElement":[{"@type":"ListItem","position":1,"name":"Accueil","item":"https:\/\/www.les-ateliers-soa.fr\/"},{"@type":"ListItem","position":2,"name":"Les ateliers sur inscription","item":"https:\/\/www.les-ateliers-soa.fr\/les-ateliers-sur-inscription\/"},{"@type":"ListItem","position":3,"name":"Atelier Set Essentiels Maquillage"}]},{"@type":"WebSite","@id":"https:\/\/www.les-ateliers-soa.fr\/#website","url":"https:\/\/www.les-ateliers-soa.fr\/","name":"LES ATELIERS SOA - Ateliers DIY cosm\u00e9tiques &amp; bien \u00eatre - Paris Ile de France","description":"Ateliers DIY cosm\u00e9tiques &amp; bien \u00eatre - Paris Ile de France","potentialAction":[{"@type":"SearchAction","target":{"@type":"EntryPoint","urlTemplate":"https:\/\/www.les-ateliers-soa.fr\/?s={search_term_string}"},"query-input":{"@type":"PropertyValueSpecification","valueRequired":true,"valueName":"search_term_string"}}],"inLanguage":"en-GB"}]}},"_links":{"self":[{"href":"https:\/\/www.les-ateliers-soa.fr\/en\/wp-json\/wp\/v2\/product\/720","targetHints":{"allow":["GET"]}}],"collection":[{"href":"https:\/\/www.les-ateliers-soa.fr\/en\/wp-json\/wp\/v2\/product"}],"about":[{"href":"https:\/\/www.les-ateliers-soa.fr\/en\/wp-json\/wp\/v2\/types\/product"}],"replies":[{"embeddable":true,"href":"https:\/\/www.les-ateliers-soa.fr\/en\/wp-json\/wp\/v2\/comments?post=720"}],"wp:featuredmedia":[{"embeddable":true,"href":"https:\/\/www.les-ateliers-soa.fr\/en\/wp-json\/wp\/v2\/media\/372"}],"wp:attachment":[{"href":"https:\/\/www.les-ateliers-soa.fr\/en\/wp-json\/wp\/v2\/media?parent=720"}],"wp:term":[{"taxonomy":"product_brand","embeddable":true,"href":"https:\/\/www.les-ateliers-soa.fr\/en\/wp-json\/wp\/v2\/product_brand?post=720"},{"taxonomy":"product_cat","embeddable":true,"href":"https:\/\/www.les-ateliers-soa.fr\/en\/wp-json\/wp\/v2\/product_cat?post=720"},{"taxonomy":"product_tag","embeddable":true,"href":"https:\/\/www.les-ateliers-soa.fr\/en\/wp-json\/wp\/v2\/product_tag?post=720"}],"curies":[{"name":"wp","href":"https:\/\/api.w.org\/{rel}","templated":true}]}}